{"id":84,"date":"2016-12-27T09:12:51","date_gmt":"2016-12-27T08:12:51","guid":{"rendered":"https:\/\/gymnastiqueclubmennecy.wordpress.com\/la-gym-pour-tous\/"},"modified":"2025-01-19T12:27:23","modified_gmt":"2025-01-19T11:27:23","slug":"la-gym-pour-tous","status":"publish","type":"page","link":"https:\/\/www.gcmennecy.fr\/index.php\/les-sections\/la-gym-pour-tous\/","title":{"rendered":"Loisirs"},"content":{"rendered":"<div style=\"font-size: 14px; text-align: justify;\" align=\"left\">\n<p>Les cr\u00e9neaux <strong>Loisirs<\/strong> sont destin\u00e9s aux <strong>gymnastes f\u00e9minines\/ masculins<\/strong>\u00a0souhaitant d\u00e9couvrir et perfectionner leur pratique de la gymnastique mais ne souhaitant pas faire de comp\u00e9tition.<br \/>\nElles s\u2019entra\u00eenent sur les m\u00eames agr\u00e8s que les gymnastes GAF Comp\u00e9tition.<\/p>\n<p>&nbsp;<\/p>\n<p>&nbsp;<\/p>\n<\/div>\n<div style=\"margin-bottom: 20px&quot;;\"><\/div>\n<div style=\"margin-bottom: 20px&quot;;\"><\/div>\n","protected":false},"excerpt":{"rendered":"<p>Les cr\u00e9neaux Loisirs sont destin\u00e9s aux gymnastes f\u00e9minines\/ masculins\u00a0souhaitant d\u00e9couvrir et perfectionner leur pratique de la gymnastique mais ne souhaitant pas faire de comp\u00e9tition. Elles s\u2019entra\u00eenent sur les m\u00eames agr\u00e8s &#8230;<\/p>\n","protected":false},"author":1,"featured_media":0,"parent":85,"menu_order":0,"comment_status":"closed","ping_status":"closed","template":"","meta":{"footnotes":""},"class_list":["post-84","page","type-page","status-publish","hentry"],"jetpack_sharing_enabled":true,"jetpack_shortlink":"https:\/\/wp.me\/P8Uk5b-1m","_links":{"self":[{"href":"https:\/\/www.gcmennecy.fr\/index.php\/wp-json\/wp\/v2\/pages\/84","targetHints":{"allow":["GET"]}}],"collection":[{"href":"https:\/\/www.gcmennecy.fr\/index.php\/wp-json\/wp\/v2\/pages"}],"about":[{"href":"https:\/\/www.gcmennecy.fr\/index.php\/wp-json\/wp\/v2\/types\/page"}],"author":[{"embeddable":true,"href":"https:\/\/www.gcmennecy.fr\/index.php\/wp-json\/wp\/v2\/users\/1"}],"replies":[{"embeddable":true,"href":"https:\/\/www.gcmennecy.fr\/index.php\/wp-json\/wp\/v2\/comments?post=84"}],"version-history":[{"count":7,"href":"https:\/\/www.gcmennecy.fr\/index.php\/wp-json\/wp\/v2\/pages\/84\/revisions"}],"predecessor-version":[{"id":3914,"href":"https:\/\/www.gcmennecy.fr\/index.php\/wp-json\/wp\/v2\/pages\/84\/revisions\/3914"}],"up":[{"embeddable":true,"href":"https:\/\/www.gcmennecy.fr\/index.php\/wp-json\/wp\/v2\/pages\/85"}],"wp:attachment":[{"href":"https:\/\/www.gcmennecy.fr\/index.php\/wp-json\/wp\/v2\/media?parent=84"}],"curies":[{"name":"wp","href":"https:\/\/api.w.org\/{rel}","templated":true}]}}