{"id":83,"date":"2016-12-27T09:12:37","date_gmt":"2016-12-27T08:12:37","guid":{"rendered":"https:\/\/gymnastiqueclubmennecy.wordpress.com\/la-gam\/"},"modified":"2025-01-18T21:06:00","modified_gmt":"2025-01-18T20:06:00","slug":"la-gam","status":"publish","type":"page","link":"https:\/\/www.gcmennecy.fr\/index.php\/les-sections\/la-gam\/","title":{"rendered":"GAM &#8211; Gymnastique Artistique Masculine"},"content":{"rendered":"<div style=\"font-size: 14px; margin-bottom: 20px;\" align=\"left\">En GAM, ce sont <strong>6 agr\u00e8s<\/strong> que les masculins doivent apprivoiser.<\/div>\n<p><img loading=\"lazy\" decoding=\"async\" class=\"size-medium wp-image-1352 alignleft\" src=\"http:\/\/gcmennecy.fr\/wp-content\/uploads\/2017\/07\/FPinson-20170702-738A6575-M-Copie-300x300.jpg\" alt=\"\" width=\"300\" height=\"300\" srcset=\"https:\/\/gcmennecy.fr\/wp-content\/uploads\/2017\/07\/FPinson-20170702-738A6575-M-Copie-300x300.jpg 300w, https:\/\/gcmennecy.fr\/wp-content\/uploads\/2017\/07\/FPinson-20170702-738A6575-M-Copie-150x150.jpg 150w, https:\/\/gcmennecy.fr\/wp-content\/uploads\/2017\/07\/FPinson-20170702-738A6575-M-Copie-768x768.jpg 768w, https:\/\/gcmennecy.fr\/wp-content\/uploads\/2017\/07\/FPinson-20170702-738A6575-M-Copie-1024x1024.jpg 1024w, https:\/\/gcmennecy.fr\/wp-content\/uploads\/2017\/07\/FPinson-20170702-738A6575-M-Copie-100x100.jpg 100w\" sizes=\"auto, (max-width: 300px) 100vw, 300px\" \/><\/p>\n<p>&nbsp;<\/p>\n<p>&nbsp;<\/p>\n<p>&nbsp;<\/p>\n<p>&nbsp;<\/p>\n<p>&nbsp;<\/p>\n<p>&nbsp;<\/p>\n<p>&nbsp;<\/p>\n<p>&nbsp;<\/p>\n<p>&nbsp;<\/p>\n<ul>\n<li><span style=\"font-size: 14px; text-align: justify;\">Le <\/span><strong>SOL<\/strong><span style=\"font-size: 14px; text-align: justify;\"> pour lequel le gymnase se d\u00e9place sur tout\u00a0le praticable en encha\u00eenant les figures acrobatiques de haut vol.<\/span><\/li>\n<\/ul>\n<div style=\"font-size: 14px; text-align: justify;\">\n<ul>\n<li style=\"margin-bottom: 20px;\">Le <strong>SAUT<\/strong> qui demande, vitesse et puissance pour accomplir des figures complexes et a\u00e9riennes.<\/li>\n<li style=\"margin-bottom: 20px;\">La <strong>BARRE FIXE<\/strong> qui offre un spectacle de haute voltige.<\/li>\n<li style=\"margin-bottom: 20px;\">Le <strong>CHEVAL D\u2019ARCONS<\/strong> \u00e9l\u00e9gance et l\u00e9g\u00e8ret\u00e9 au-dessus de l\u2019appareil.<\/li>\n<li style=\"margin-bottom: 20px;\">Les <strong>BARRES PARALLELES<\/strong> que le gymnaste aborde avec courage afin d\u2019\u00e9voluer dessus et dessous, en suspension.<\/li>\n<li style=\"margin-bottom: 20px; text-align: left;\">Les <strong>ANNEAUX<\/strong> force, puissance et ma\u00eetrise afin d\u2019ex\u00e9cuter en suspension, des figures acrobatiques tout en gr\u00e2ce.<\/li>\n<li style=\"margin-bottom: 20px; text-align: left;\">\u00a0<img loading=\"lazy\" decoding=\"async\" class=\"alignnone size-medium wp-image-1329\" src=\"http:\/\/gcmennecy.fr\/wp-content\/uploads\/2017\/07\/FPinson-20170702-_MG_3250-M-Copie-Copie-200x300.jpg\" alt=\"\" width=\"200\" height=\"300\" srcset=\"https:\/\/gcmennecy.fr\/wp-content\/uploads\/2017\/07\/FPinson-20170702-_MG_3250-M-Copie-Copie-200x300.jpg 200w, https:\/\/gcmennecy.fr\/wp-content\/uploads\/2017\/07\/FPinson-20170702-_MG_3250-M-Copie-Copie-768x1152.jpg 768w, https:\/\/gcmennecy.fr\/wp-content\/uploads\/2017\/07\/FPinson-20170702-_MG_3250-M-Copie-Copie-683x1024.jpg 683w, https:\/\/gcmennecy.fr\/wp-content\/uploads\/2017\/07\/FPinson-20170702-_MG_3250-M-Copie-Copie.jpg 1722w\" sizes=\"auto, (max-width: 200px) 100vw, 200px\" \/>\u00a0 \u00a0 \u00a0 \u00a0 \u00a0 \u00a0 \u00a0<img loading=\"lazy\" decoding=\"async\" class=\"alignnone size-medium wp-image-1351\" src=\"http:\/\/gcmennecy.fr\/wp-content\/uploads\/2017\/07\/FPinson-20170702-738A6570-M-Copie-300x300.jpg\" alt=\"\" width=\"300\" height=\"300\" srcset=\"https:\/\/gcmennecy.fr\/wp-content\/uploads\/2017\/07\/FPinson-20170702-738A6570-M-Copie-300x300.jpg 300w, https:\/\/gcmennecy.fr\/wp-content\/uploads\/2017\/07\/FPinson-20170702-738A6570-M-Copie-150x150.jpg 150w, https:\/\/gcmennecy.fr\/wp-content\/uploads\/2017\/07\/FPinson-20170702-738A6570-M-Copie-768x768.jpg 768w, https:\/\/gcmennecy.fr\/wp-content\/uploads\/2017\/07\/FPinson-20170702-738A6570-M-Copie-1024x1024.jpg 1024w, https:\/\/gcmennecy.fr\/wp-content\/uploads\/2017\/07\/FPinson-20170702-738A6570-M-Copie-100x100.jpg 100w\" sizes=\"auto, (max-width: 300px) 100vw, 300px\" \/><\/li>\n<\/ul>\n<p><img loading=\"lazy\" decoding=\"async\" class=\"alignnone wp-image-3702\" src=\"http:\/\/gcmennecy.fr\/wp-content\/uploads\/2023\/02\/5881158d-b48c-4077-88ff-c1bf2ee1d13e.jpg\" alt=\"\" width=\"383\" height=\"574\" srcset=\"https:\/\/gcmennecy.fr\/wp-content\/uploads\/2023\/02\/5881158d-b48c-4077-88ff-c1bf2ee1d13e.jpg 1280w, https:\/\/gcmennecy.fr\/wp-content\/uploads\/2023\/02\/5881158d-b48c-4077-88ff-c1bf2ee1d13e-200x300.jpg 200w, https:\/\/gcmennecy.fr\/wp-content\/uploads\/2023\/02\/5881158d-b48c-4077-88ff-c1bf2ee1d13e-683x1024.jpg 683w, https:\/\/gcmennecy.fr\/wp-content\/uploads\/2023\/02\/5881158d-b48c-4077-88ff-c1bf2ee1d13e-768x1152.jpg 768w, https:\/\/gcmennecy.fr\/wp-content\/uploads\/2023\/02\/5881158d-b48c-4077-88ff-c1bf2ee1d13e-1024x1536.jpg 1024w\" sizes=\"auto, (max-width: 383px) 100vw, 383px\" \/><\/p>\n<\/div>\n","protected":false},"excerpt":{"rendered":"<p>En GAM, ce sont 6 agr\u00e8s que les masculins doivent apprivoiser. &nbsp; &nbsp; &nbsp; &nbsp; &nbsp; &nbsp; &nbsp; &nbsp; &nbsp; Le SOL pour lequel le gymnase se d\u00e9place sur tout\u00a0le &#8230;<\/p>\n","protected":false},"author":1,"featured_media":0,"parent":85,"menu_order":0,"comment_status":"closed","ping_status":"closed","template":"","meta":{"footnotes":""},"class_list":["post-83","page","type-page","status-publish","hentry"],"jetpack_sharing_enabled":true,"jetpack_shortlink":"https:\/\/wp.me\/P8Uk5b-1l","_links":{"self":[{"href":"https:\/\/www.gcmennecy.fr\/index.php\/wp-json\/wp\/v2\/pages\/83","targetHints":{"allow":["GET"]}}],"collection":[{"href":"https:\/\/www.gcmennecy.fr\/index.php\/wp-json\/wp\/v2\/pages"}],"about":[{"href":"https:\/\/www.gcmennecy.fr\/index.php\/wp-json\/wp\/v2\/types\/page"}],"author":[{"embeddable":true,"href":"https:\/\/www.gcmennecy.fr\/index.php\/wp-json\/wp\/v2\/users\/1"}],"replies":[{"embeddable":true,"href":"https:\/\/www.gcmennecy.fr\/index.php\/wp-json\/wp\/v2\/comments?post=83"}],"version-history":[{"count":13,"href":"https:\/\/www.gcmennecy.fr\/index.php\/wp-json\/wp\/v2\/pages\/83\/revisions"}],"predecessor-version":[{"id":3917,"href":"https:\/\/www.gcmennecy.fr\/index.php\/wp-json\/wp\/v2\/pages\/83\/revisions\/3917"}],"up":[{"embeddable":true,"href":"https:\/\/www.gcmennecy.fr\/index.php\/wp-json\/wp\/v2\/pages\/85"}],"wp:attachment":[{"href":"https:\/\/www.gcmennecy.fr\/index.php\/wp-json\/wp\/v2\/media?parent=83"}],"curies":[{"name":"wp","href":"https:\/\/api.w.org\/{rel}","templated":true}]}}