{"id":82,"date":"2016-12-27T09:12:29","date_gmt":"2016-12-27T08:12:29","guid":{"rendered":"https:\/\/gymnastiqueclubmennecy.wordpress.com\/la-gaf\/"},"modified":"2025-01-18T20:33:10","modified_gmt":"2025-01-18T19:33:10","slug":"la-gaf","status":"publish","type":"page","link":"https:\/\/www.gcmennecy.fr\/index.php\/les-sections\/la-gaf\/","title":{"rendered":"GAF &#8211; Gymnastique Artistique F\u00e9minine"},"content":{"rendered":"<div style=\"font-size: 14px;\" align=\"left\">GAF<\/div>\n<div align=\"left\"><\/div>\n<div align=\"left\">\n<ul>\n<li>\u00a0<span style=\"font-size: 14px; text-align: justify;\">Le<\/span><strong style=\"font-size: 14px; text-align: justify;\"> SOL<\/strong><span style=\"font-size: 14px; text-align: justify;\">, acrobatique mais aussi tr\u00e8s artistique sur une chor\u00e9graphie et avec musique.<\/span><\/li>\n<\/ul>\n<\/div>\n<div align=\"left\"><img loading=\"lazy\" decoding=\"async\" class=\"alignnone wp-image-3706\" src=\"http:\/\/gcmennecy.fr\/wp-content\/uploads\/2023\/02\/photo-11.jpg\" alt=\"\" width=\"257\" height=\"387\" srcset=\"https:\/\/gcmennecy.fr\/wp-content\/uploads\/2023\/02\/photo-11.jpg 1181w, https:\/\/gcmennecy.fr\/wp-content\/uploads\/2023\/02\/photo-11-200x300.jpg 200w, https:\/\/gcmennecy.fr\/wp-content\/uploads\/2023\/02\/photo-11-682x1024.jpg 682w, https:\/\/gcmennecy.fr\/wp-content\/uploads\/2023\/02\/photo-11-768x1152.jpg 768w, https:\/\/gcmennecy.fr\/wp-content\/uploads\/2023\/02\/photo-11-1024x1536.jpg 1024w\" sizes=\"auto, (max-width: 257px) 100vw, 257px\" \/><\/div>\n<div align=\"left\"><\/div>\n<ul>\n<li><span style=\"font-size: 14px; text-align: justify;\">Le <\/span><strong style=\"font-size: 14px; text-align: justify;\">SAUT<\/strong><span style=\"font-size: 14px; text-align: justify;\"> tout en vitesse et en\u00a0<\/span><span style=\"font-size: 14px; text-align: justify;\">puissance<\/span><\/li>\n<\/ul>\n<p><span style=\"font-size: 14px; text-align: justify;\">.<\/span><img loading=\"lazy\" decoding=\"async\" class=\"alignnone wp-image-3707\" src=\"http:\/\/gcmennecy.fr\/wp-content\/uploads\/2023\/02\/photo-14.jpg\" alt=\"\" width=\"239\" height=\"359\" srcset=\"https:\/\/gcmennecy.fr\/wp-content\/uploads\/2023\/02\/photo-14.jpg 1181w, https:\/\/gcmennecy.fr\/wp-content\/uploads\/2023\/02\/photo-14-200x300.jpg 200w, https:\/\/gcmennecy.fr\/wp-content\/uploads\/2023\/02\/photo-14-682x1024.jpg 682w, https:\/\/gcmennecy.fr\/wp-content\/uploads\/2023\/02\/photo-14-768x1152.jpg 768w, https:\/\/gcmennecy.fr\/wp-content\/uploads\/2023\/02\/photo-14-1024x1536.jpg 1024w\" sizes=\"auto, (max-width: 239px) 100vw, 239px\" \/><\/p>\n<ul>\n<li><span style=\"font-size: 14px; text-align: justify;\">Les <\/span><strong>BARRES ASYM\u00c9TRIQUES<\/strong><span style=\"font-size: 14px; text-align: justify;\"> entre\u00a0<\/span><span style=\"text-align: justify;\"><span style=\"font-size: 14px;\">lesquelles la gymnaste \u00e9volue avec l\u00e9g\u00e8ret\u00e9.<\/span><\/span><\/li>\n<\/ul>\n<p><img loading=\"lazy\" decoding=\"async\" class=\"alignnone wp-image-3711\" src=\"http:\/\/gcmennecy.fr\/wp-content\/uploads\/2023\/02\/photo-15.jpg\" alt=\"\" width=\"440\" height=\"293\" srcset=\"https:\/\/gcmennecy.fr\/wp-content\/uploads\/2023\/02\/photo-15.jpg 1772w, https:\/\/gcmennecy.fr\/wp-content\/uploads\/2023\/02\/photo-15-300x200.jpg 300w, https:\/\/gcmennecy.fr\/wp-content\/uploads\/2023\/02\/photo-15-1024x682.jpg 1024w, https:\/\/gcmennecy.fr\/wp-content\/uploads\/2023\/02\/photo-15-768x512.jpg 768w, https:\/\/gcmennecy.fr\/wp-content\/uploads\/2023\/02\/photo-15-1536x1024.jpg 1536w\" sizes=\"auto, (max-width: 440px) 100vw, 440px\" \/><\/p>\n<ul>\n<li><span style=\"font-size: 14px; text-align: justify;\">La <\/span><strong style=\"font-size: 14px; text-align: justify;\">POUTRE<\/strong><span style=\"font-size: 14px; text-align: justify;\">, agr\u00e8s de pr\u00e9cision et de tous les risques, qui requiert une grande ma\u00eetrise corporelle.<\/span><\/li>\n<\/ul>\n<p><img loading=\"lazy\" decoding=\"async\" class=\"alignnone wp-image-3709\" src=\"http:\/\/gcmennecy.fr\/wp-content\/uploads\/2023\/02\/photo-17.jpg\" alt=\"\" width=\"339\" height=\"509\" srcset=\"https:\/\/gcmennecy.fr\/wp-content\/uploads\/2023\/02\/photo-17.jpg 1181w, https:\/\/gcmennecy.fr\/wp-content\/uploads\/2023\/02\/photo-17-200x300.jpg 200w, https:\/\/gcmennecy.fr\/wp-content\/uploads\/2023\/02\/photo-17-682x1024.jpg 682w, https:\/\/gcmennecy.fr\/wp-content\/uploads\/2023\/02\/photo-17-768x1152.jpg 768w, https:\/\/gcmennecy.fr\/wp-content\/uploads\/2023\/02\/photo-17-1024x1536.jpg 1024w\" sizes=\"auto, (max-width: 339px) 100vw, 339px\" \/><\/p>\n<div align=\"left\"><\/div>\n<div style=\"margin-bottom: 20px; display: block; text-align: justify; font-size: 14px;\" align=\"left\">De l\u2019initiation par le loisir (une s\u00e9ance de 2h par semaine), aux cat\u00e9gories comp\u00e9titives qui demandent un apprentissage technique \u00e0 long terme, les gymnastes trouvent chacune leur place dans un \u00e9ventail de niveaux diff\u00e9rents.<\/div>\n<div style=\"margin-bottom: 20px; text-align: left; font-size: 14px;\" align=\"center\">\u00a0Chaque groupe est encadr\u00e9 par des entra\u00eeneurs qualifi\u00e9s.<\/div>\n<div style=\"margin-bottom: 20px; text-align: center; font-size: 14px;\" align=\"center\">A partir de 6 ans.<br \/>\nFinalit\u00e9 : loisirs ou comp\u00e9tition.<br \/>\nHoraires en fonction des cat\u00e9gories.<\/div>\n","protected":false},"excerpt":{"rendered":"<p>GAF \u00a0Le SOL, acrobatique mais aussi tr\u00e8s artistique sur une chor\u00e9graphie et avec musique. Le SAUT tout en vitesse et en\u00a0puissance . Les BARRES ASYM\u00c9TRIQUES entre\u00a0lesquelles la gymnaste \u00e9volue avec &#8230;<\/p>\n","protected":false},"author":1,"featured_media":0,"parent":85,"menu_order":0,"comment_status":"closed","ping_status":"closed","template":"","meta":{"footnotes":""},"class_list":["post-82","page","type-page","status-publish","hentry"],"jetpack_sharing_enabled":true,"jetpack_shortlink":"https:\/\/wp.me\/P8Uk5b-1k","_links":{"self":[{"href":"https:\/\/www.gcmennecy.fr\/index.php\/wp-json\/wp\/v2\/pages\/82","targetHints":{"allow":["GET"]}}],"collection":[{"href":"https:\/\/www.gcmennecy.fr\/index.php\/wp-json\/wp\/v2\/pages"}],"about":[{"href":"https:\/\/www.gcmennecy.fr\/index.php\/wp-json\/wp\/v2\/types\/page"}],"author":[{"embeddable":true,"href":"https:\/\/www.gcmennecy.fr\/index.php\/wp-json\/wp\/v2\/users\/1"}],"replies":[{"embeddable":true,"href":"https:\/\/www.gcmennecy.fr\/index.php\/wp-json\/wp\/v2\/comments?post=82"}],"version-history":[{"count":7,"href":"https:\/\/www.gcmennecy.fr\/index.php\/wp-json\/wp\/v2\/pages\/82\/revisions"}],"predecessor-version":[{"id":3915,"href":"https:\/\/www.gcmennecy.fr\/index.php\/wp-json\/wp\/v2\/pages\/82\/revisions\/3915"}],"up":[{"embeddable":true,"href":"https:\/\/www.gcmennecy.fr\/index.php\/wp-json\/wp\/v2\/pages\/85"}],"wp:attachment":[{"href":"https:\/\/www.gcmennecy.fr\/index.php\/wp-json\/wp\/v2\/media?parent=82"}],"curies":[{"name":"wp","href":"https:\/\/api.w.org\/{rel}","templated":true}]}}