{"id":77,"date":"2016-12-27T09:10:17","date_gmt":"2016-12-27T08:10:17","guid":{"rendered":"https:\/\/gymnastiqueclubmennecy.wordpress.com\/histoire-du-club\/"},"modified":"2026-02-09T17:36:53","modified_gmt":"2026-02-09T16:36:53","slug":"histoire-du-club","status":"publish","type":"page","link":"https:\/\/www.gcmennecy.fr\/","title":{"rendered":"Le club &#8211; GCM"},"content":{"rendered":"<div style=\"margin-bottom: 14px; text-align: justify; font-size: 14px;\" align=\"left\">\n<p>Bienvenue au Gymnastique Club de Mennecy !<\/p>\n<p>&nbsp;<\/p>\n<p>&nbsp;<\/p>\n<p>&nbsp;<\/p>\n<p>C\u2019est en 1992 que le Gymnastique Club de Mennecy voit le jour.<\/p>\n<p>B\u00e9n\u00e9ficiant d\u2019un vaste plateau sp\u00e9cialis\u00e9, tr\u00e8s vite, le Club prend son envol et se retrouve sur les podiums.<\/p>\n<p style=\"margin-bottom: 20px;\">Cette dynamique ne s\u2019est depuis jamais d\u00e9mentie, avec plus de 500 licenci\u00e9s aujourd\u2019hui et toujours des podiums ou des s\u00e9lections dans chaque cat\u00e9gorie.<\/p>\n<p>Depuis sa cr\u00e9ation, le Gymnastique Club de Mennecy est affili\u00e9 \u00e0 la F\u00e9d\u00e9ration Fran\u00e7aise de Gymnastique.<\/p>\n<p>&nbsp;<\/p>\n<p><img loading=\"lazy\" decoding=\"async\" class=\"wp-image-3694 aligncenter\" src=\"https:\/\/gcmennecy.fr\/wp-content\/uploads\/2023\/02\/Logo_Federation_Francaise_Gymnastique_-_2013.png\" alt=\"\" width=\"145\" height=\"71\" srcset=\"https:\/\/gcmennecy.fr\/wp-content\/uploads\/2023\/02\/Logo_Federation_Francaise_Gymnastique_-_2013.png 2560w, https:\/\/gcmennecy.fr\/wp-content\/uploads\/2023\/02\/Logo_Federation_Francaise_Gymnastique_-_2013-300x147.png 300w, https:\/\/gcmennecy.fr\/wp-content\/uploads\/2023\/02\/Logo_Federation_Francaise_Gymnastique_-_2013-1024x502.png 1024w, https:\/\/gcmennecy.fr\/wp-content\/uploads\/2023\/02\/Logo_Federation_Francaise_Gymnastique_-_2013-768x376.png 768w, https:\/\/gcmennecy.fr\/wp-content\/uploads\/2023\/02\/Logo_Federation_Francaise_Gymnastique_-_2013-1536x752.png 1536w, https:\/\/gcmennecy.fr\/wp-content\/uploads\/2023\/02\/Logo_Federation_Francaise_Gymnastique_-_2013-2048x1003.png 2048w\" sizes=\"auto, (max-width: 145px) 100vw, 145px\" \/><\/p>\n<p>&nbsp;<\/p>\n<\/div>\n<div style=\"margin-bottom: 20px;\"><img loading=\"lazy\" decoding=\"async\" class=\"alignnone size-full wp-image-3691\" src=\"http:\/\/gcmennecy.fr\/wp-content\/uploads\/2023\/02\/IMG_5997-scaled.jpg\" alt=\"\" width=\"2560\" height=\"1920\" srcset=\"https:\/\/gcmennecy.fr\/wp-content\/uploads\/2023\/02\/IMG_5997-scaled.jpg 2560w, https:\/\/gcmennecy.fr\/wp-content\/uploads\/2023\/02\/IMG_5997-300x225.jpg 300w, https:\/\/gcmennecy.fr\/wp-content\/uploads\/2023\/02\/IMG_5997-1024x768.jpg 1024w, https:\/\/gcmennecy.fr\/wp-content\/uploads\/2023\/02\/IMG_5997-768x576.jpg 768w, https:\/\/gcmennecy.fr\/wp-content\/uploads\/2023\/02\/IMG_5997-1536x1152.jpg 1536w, https:\/\/gcmennecy.fr\/wp-content\/uploads\/2023\/02\/IMG_5997-2048x1536.jpg 2048w\" sizes=\"auto, (max-width: 2560px) 100vw, 2560px\" \/><\/div>\n<div style=\"margin-bottom: 20px;\">\n<div><\/div>\n<div><\/div>\n<\/div>\n","protected":false},"excerpt":{"rendered":"<p>Bienvenue au Gymnastique Club de Mennecy ! &nbsp; &nbsp; &nbsp; C\u2019est en 1992 que le Gymnastique Club de Mennecy voit le jour. B\u00e9n\u00e9ficiant d\u2019un vaste plateau sp\u00e9cialis\u00e9, tr\u00e8s vite, le &#8230;<\/p>\n","protected":false},"author":1,"featured_media":0,"parent":462,"menu_order":0,"comment_status":"closed","ping_status":"closed","template":"","meta":{"footnotes":""},"class_list":["post-77","page","type-page","status-publish","hentry"],"jetpack_sharing_enabled":true,"jetpack_shortlink":"https:\/\/wp.me\/P8Uk5b-1f","_links":{"self":[{"href":"https:\/\/www.gcmennecy.fr\/index.php\/wp-json\/wp\/v2\/pages\/77","targetHints":{"allow":["GET"]}}],"collection":[{"href":"https:\/\/www.gcmennecy.fr\/index.php\/wp-json\/wp\/v2\/pages"}],"about":[{"href":"https:\/\/www.gcmennecy.fr\/index.php\/wp-json\/wp\/v2\/types\/page"}],"author":[{"embeddable":true,"href":"https:\/\/www.gcmennecy.fr\/index.php\/wp-json\/wp\/v2\/users\/1"}],"replies":[{"embeddable":true,"href":"https:\/\/www.gcmennecy.fr\/index.php\/wp-json\/wp\/v2\/comments?post=77"}],"version-history":[{"count":16,"href":"https:\/\/www.gcmennecy.fr\/index.php\/wp-json\/wp\/v2\/pages\/77\/revisions"}],"predecessor-version":[{"id":4068,"href":"https:\/\/www.gcmennecy.fr\/index.php\/wp-json\/wp\/v2\/pages\/77\/revisions\/4068"}],"up":[{"embeddable":true,"href":"https:\/\/www.gcmennecy.fr\/index.php\/wp-json\/wp\/v2\/pages\/462"}],"wp:attachment":[{"href":"https:\/\/www.gcmennecy.fr\/index.php\/wp-json\/wp\/v2\/media?parent=77"}],"curies":[{"name":"wp","href":"https:\/\/api.w.org\/{rel}","templated":true}]}}