{"id":76,"date":"2016-12-27T09:10:03","date_gmt":"2016-12-27T08:10:03","guid":{"rendered":"https:\/\/gymnastiqueclubmennecy.wordpress.com\/le-bureau\/"},"modified":"2026-01-05T12:21:06","modified_gmt":"2026-01-05T11:21:06","slug":"le-bureau","status":"publish","type":"page","link":"https:\/\/www.gcmennecy.fr\/index.php\/le-club\/le-bureau\/","title":{"rendered":"Le bureau"},"content":{"rendered":"<ul>\n<li><strong>Le bureau<\/strong><\/li>\n<\/ul>\n<div>\n<p><i><strong>Magalie DEBRAY<\/strong> : Pr\u00e9sidente du GCM<\/i><\/p>\n<p><i><strong>Ga\u00eblle LALLEMENT<\/strong> : Tr\u00e9sori\u00e8re<\/i><\/p>\n<p><i><strong>Justine BERGER<\/strong> : Secr\u00e9taire<\/i><\/p>\n<p><i><strong>Elodie L\u2019ESTIME<\/strong> : Secr\u00e9taire Adjointe<\/i><\/p>\n<p><i><strong>Coralie ALLART<\/strong> : Charg\u00e9e de communication &amp; \u00e9v\u00e9nementiel<\/i><\/p>\n<\/div>\n<div><img loading=\"lazy\" decoding=\"async\" class=\"wp-image-3606 aligncenter\" src=\"http:\/\/gcmennecy.fr\/wp-content\/uploads\/2023\/02\/cropped-LOGO-GCM-2.png\" alt=\"\" width=\"87\" height=\"87\" srcset=\"https:\/\/gcmennecy.fr\/wp-content\/uploads\/2023\/02\/cropped-LOGO-GCM-2.png 512w, https:\/\/gcmennecy.fr\/wp-content\/uploads\/2023\/02\/cropped-LOGO-GCM-2-150x150.png 150w, https:\/\/gcmennecy.fr\/wp-content\/uploads\/2023\/02\/cropped-LOGO-GCM-2-300x300.png 300w, https:\/\/gcmennecy.fr\/wp-content\/uploads\/2023\/02\/cropped-LOGO-GCM-2-100x100.png 100w, https:\/\/gcmennecy.fr\/wp-content\/uploads\/2023\/02\/cropped-LOGO-GCM-2-270x270.png 270w, https:\/\/gcmennecy.fr\/wp-content\/uploads\/2023\/02\/cropped-LOGO-GCM-2-192x192.png 192w, https:\/\/gcmennecy.fr\/wp-content\/uploads\/2023\/02\/cropped-LOGO-GCM-2-180x180.png 180w, https:\/\/gcmennecy.fr\/wp-content\/uploads\/2023\/02\/cropped-LOGO-GCM-2-32x32.png 32w\" sizes=\"auto, (max-width: 87px) 100vw, 87px\" \/><\/div>\n<div><\/div>\n<ul>\n<li><strong>Les entraineurs\u00a0<\/strong><\/li>\n<\/ul>\n<p><strong>BABY GYM<\/strong> : St\u00e9phanie, Aur\u00e9lie &amp; Laetitia<\/p>\n<p><strong>GAF<\/strong> : Aur\u00e9lie, Coralie B. , Laure, Laetitia, Lucy, Jade, Camille &amp; Amandine<\/p>\n<p><strong>TEAM GYM<\/strong> : Coralie A.<\/p>\n<div><strong>GAM<\/strong> : Jonathan<\/div>\n<div><\/div>\n<div><img loading=\"lazy\" decoding=\"async\" class=\"wp-image-3715 aligncenter\" src=\"http:\/\/gcmennecy.fr\/wp-content\/uploads\/2023\/02\/IMG_7282.png\" alt=\"\" width=\"349\" height=\"620\" srcset=\"https:\/\/gcmennecy.fr\/wp-content\/uploads\/2023\/02\/IMG_7282.png 2268w, https:\/\/gcmennecy.fr\/wp-content\/uploads\/2023\/02\/IMG_7282-169x300.png 169w, https:\/\/gcmennecy.fr\/wp-content\/uploads\/2023\/02\/IMG_7282-576x1024.png 576w, https:\/\/gcmennecy.fr\/wp-content\/uploads\/2023\/02\/IMG_7282-768x1365.png 768w, https:\/\/gcmennecy.fr\/wp-content\/uploads\/2023\/02\/IMG_7282-864x1536.png 864w, https:\/\/gcmennecy.fr\/wp-content\/uploads\/2023\/02\/IMG_7282-1152x2048.png 1152w\" sizes=\"auto, (max-width: 349px) 100vw, 349px\" \/><\/div>\n<div><\/div>\n<div><\/div>\n<div><\/div>\n","protected":false},"excerpt":{"rendered":"<p>Le bureau Magalie DEBRAY : Pr\u00e9sidente du GCM Ga\u00eblle LALLEMENT : Tr\u00e9sori\u00e8re Justine BERGER : Secr\u00e9taire Elodie L\u2019ESTIME : Secr\u00e9taire Adjointe Coralie ALLART : Charg\u00e9e de communication &amp; \u00e9v\u00e9nementiel Les &#8230;<\/p>\n","protected":false},"author":1,"featured_media":0,"parent":462,"menu_order":0,"comment_status":"closed","ping_status":"closed","template":"","meta":{"footnotes":""},"class_list":["post-76","page","type-page","status-publish","hentry"],"jetpack_sharing_enabled":true,"jetpack_shortlink":"https:\/\/wp.me\/P8Uk5b-1e","_links":{"self":[{"href":"https:\/\/www.gcmennecy.fr\/index.php\/wp-json\/wp\/v2\/pages\/76","targetHints":{"allow":["GET"]}}],"collection":[{"href":"https:\/\/www.gcmennecy.fr\/index.php\/wp-json\/wp\/v2\/pages"}],"about":[{"href":"https:\/\/www.gcmennecy.fr\/index.php\/wp-json\/wp\/v2\/types\/page"}],"author":[{"embeddable":true,"href":"https:\/\/www.gcmennecy.fr\/index.php\/wp-json\/wp\/v2\/users\/1"}],"replies":[{"embeddable":true,"href":"https:\/\/www.gcmennecy.fr\/index.php\/wp-json\/wp\/v2\/comments?post=76"}],"version-history":[{"count":18,"href":"https:\/\/www.gcmennecy.fr\/index.php\/wp-json\/wp\/v2\/pages\/76\/revisions"}],"predecessor-version":[{"id":4059,"href":"https:\/\/www.gcmennecy.fr\/index.php\/wp-json\/wp\/v2\/pages\/76\/revisions\/4059"}],"up":[{"embeddable":true,"href":"https:\/\/www.gcmennecy.fr\/index.php\/wp-json\/wp\/v2\/pages\/462"}],"wp:attachment":[{"href":"https:\/\/www.gcmennecy.fr\/index.php\/wp-json\/wp\/v2\/media?parent=76"}],"curies":[{"name":"wp","href":"https:\/\/api.w.org\/{rel}","templated":true}]}}