{"id":462,"date":"2016-12-26T11:25:59","date_gmt":"2016-12-26T10:25:59","guid":{"rendered":"https:\/\/gymnastiqueclubmennecy.wordpress.com\/?page_id=3"},"modified":"2023-02-09T20:57:07","modified_gmt":"2023-02-09T19:57:07","slug":"le-club","status":"publish","type":"page","link":"https:\/\/www.gcmennecy.fr\/index.php\/le-club\/","title":{"rendered":"Le Club"},"content":{"rendered":"<p><img loading=\"lazy\" decoding=\"async\" class=\"wp-image-3606 aligncenter\" src=\"http:\/\/gcmennecy.fr\/wp-content\/uploads\/2023\/02\/cropped-LOGO-GCM-2.png\" alt=\"\" width=\"143\" height=\"143\" srcset=\"https:\/\/gcmennecy.fr\/wp-content\/uploads\/2023\/02\/cropped-LOGO-GCM-2.png 512w, https:\/\/gcmennecy.fr\/wp-content\/uploads\/2023\/02\/cropped-LOGO-GCM-2-150x150.png 150w, https:\/\/gcmennecy.fr\/wp-content\/uploads\/2023\/02\/cropped-LOGO-GCM-2-300x300.png 300w, https:\/\/gcmennecy.fr\/wp-content\/uploads\/2023\/02\/cropped-LOGO-GCM-2-100x100.png 100w, https:\/\/gcmennecy.fr\/wp-content\/uploads\/2023\/02\/cropped-LOGO-GCM-2-270x270.png 270w, https:\/\/gcmennecy.fr\/wp-content\/uploads\/2023\/02\/cropped-LOGO-GCM-2-192x192.png 192w, https:\/\/gcmennecy.fr\/wp-content\/uploads\/2023\/02\/cropped-LOGO-GCM-2-180x180.png 180w, https:\/\/gcmennecy.fr\/wp-content\/uploads\/2023\/02\/cropped-LOGO-GCM-2-32x32.png 32w\" sizes=\"auto, (max-width: 143px) 100vw, 143px\" \/><\/p>\n<p>&nbsp;<\/p>\n<p>C\u2019est en 1992 que le Gymnastique Club de Mennecy voit le jour.<\/p>\n<p>B\u00e9n\u00e9ficiant d\u2019un vaste plateau sp\u00e9cialis\u00e9, tr\u00e8s vite, le Club prend son envol et se retrouve sur les podiums.<\/p>\n<p>Cette dynamique ne s\u2019est depuis jamais d\u00e9mentie, avec plus de 400 licenci\u00e9s aujourd\u2019hui et toujours des podiums ou des s\u00e9lections dans chaque cat\u00e9gorie.<\/p>\n<p>Depuis sa cr\u00e9ation, le Gymnastique Club de Mennecy est affili\u00e9 \u00e0 la F\u00e9d\u00e9ration Fran\u00e7aise de Gymnastique sous le num\u00e9ro 23091.152.<\/p>\n<p>&nbsp;<\/p>\n<p><img loading=\"lazy\" decoding=\"async\" class=\"wp-image-3691 aligncenter\" src=\"http:\/\/gcmennecy.fr\/wp-content\/uploads\/2023\/02\/IMG_5997-scaled.jpg\" alt=\"\" width=\"392\" height=\"294\" srcset=\"https:\/\/gcmennecy.fr\/wp-content\/uploads\/2023\/02\/IMG_5997-scaled.jpg 2560w, https:\/\/gcmennecy.fr\/wp-content\/uploads\/2023\/02\/IMG_5997-300x225.jpg 300w, https:\/\/gcmennecy.fr\/wp-content\/uploads\/2023\/02\/IMG_5997-1024x768.jpg 1024w, https:\/\/gcmennecy.fr\/wp-content\/uploads\/2023\/02\/IMG_5997-768x576.jpg 768w, https:\/\/gcmennecy.fr\/wp-content\/uploads\/2023\/02\/IMG_5997-1536x1152.jpg 1536w, https:\/\/gcmennecy.fr\/wp-content\/uploads\/2023\/02\/IMG_5997-2048x1536.jpg 2048w\" sizes=\"auto, (max-width: 392px) 100vw, 392px\" \/><\/p>\n","protected":false},"excerpt":{"rendered":"<p>Un peu d&rsquo;histoire, le bureau, le classement FFG<\/p>\n","protected":false},"author":1,"featured_media":0,"parent":0,"menu_order":0,"comment_status":"closed","ping_status":"closed","template":"","meta":{"footnotes":""},"class_list":["post-462","page","type-page","status-publish","hentry"],"jetpack_sharing_enabled":false,"jetpack_shortlink":"https:\/\/wp.me\/P8Uk5b-7s","_links":{"self":[{"href":"https:\/\/www.gcmennecy.fr\/index.php\/wp-json\/wp\/v2\/pages\/462","targetHints":{"allow":["GET"]}}],"collection":[{"href":"https:\/\/www.gcmennecy.fr\/index.php\/wp-json\/wp\/v2\/pages"}],"about":[{"href":"https:\/\/www.gcmennecy.fr\/index.php\/wp-json\/wp\/v2\/types\/page"}],"author":[{"embeddable":true,"href":"https:\/\/www.gcmennecy.fr\/index.php\/wp-json\/wp\/v2\/users\/1"}],"replies":[{"embeddable":true,"href":"https:\/\/www.gcmennecy.fr\/index.php\/wp-json\/wp\/v2\/comments?post=462"}],"version-history":[{"count":6,"href":"https:\/\/www.gcmennecy.fr\/index.php\/wp-json\/wp\/v2\/pages\/462\/revisions"}],"predecessor-version":[{"id":3714,"href":"https:\/\/www.gcmennecy.fr\/index.php\/wp-json\/wp\/v2\/pages\/462\/revisions\/3714"}],"wp:attachment":[{"href":"https:\/\/www.gcmennecy.fr\/index.php\/wp-json\/wp\/v2\/media?parent=462"}],"curies":[{"name":"wp","href":"https:\/\/api.w.org\/{rel}","templated":true}]}}