{"id":448,"date":"2017-01-02T18:07:11","date_gmt":"2017-01-02T17:07:11","guid":{"rendered":"https:\/\/gymnastiqueclubmennecy.wordpress.com\/equipes-2016-2017\/"},"modified":"2018-01-28T19:37:27","modified_gmt":"2018-01-28T18:37:27","slug":"equipes-2016-2017","status":"publish","type":"page","link":"https:\/\/www.gcmennecy.fr\/index.php\/les-resultats\/gymnastique-artistique-feminine-gaf\/equipes-2016-2017\/","title":{"rendered":"Equipes 2016-2017"},"content":{"rendered":"<p><strong><em>Saint-Prix : 20 &#8211; 21 mai 2017<\/em><\/strong><\/p>\n<ul>\n<li><a href=\"http:\/\/cdgym91.com\/gaf\/compet\/equipes_2017\/saint_prix\/libre2_benj_finaleC.pdf\">Libres 2 10 &#8211; 11 ans<\/a><\/li>\n<li><a href=\"http:\/\/cdgym91.com\/gaf\/compet\/equipes_2017\/saint_prix\/libre2_bmc_finaleC.pdf\">Libres 2 10 &#8211; 15 ans<\/a><\/li>\n<li><a href=\"http:\/\/cdgym91.com\/gaf\/compet\/equipes_2017\/saint_prix\/libre2_tc_finaleA.pdf\">Libres 2 10 ans et +<\/a><\/li>\n<li><a href=\"http:\/\/cdgym91.com\/gaf\/compet\/equipes_2017\/saint_prix\/libre1_cjs.pdf\">Libres 1 14 ans et +<\/a><\/li>\n<\/ul>\n<p>&nbsp;<\/p>\n<p><strong><em>Morsang sur Orge : 13 &#8211; 14 mai 2017<a href=\"http:\/\/gcmennecy.fr\/wp-content\/uploads\/2017\/01\/libres-3-10-11.png\"><img loading=\"lazy\" decoding=\"async\" class=\" wp-image-984 alignright\" src=\"http:\/\/gcmennecy.fr\/wp-content\/uploads\/2017\/01\/libres-3-10-11-300x284.png\" alt=\"\" width=\"190\" height=\"180\" srcset=\"https:\/\/gcmennecy.fr\/wp-content\/uploads\/2017\/01\/libres-3-10-11-300x284.png 300w, https:\/\/gcmennecy.fr\/wp-content\/uploads\/2017\/01\/libres-3-10-11.png 402w\" sizes=\"auto, (max-width: 190px) 100vw, 190px\" \/><\/a><\/em><\/strong><\/p>\n<ul>\n<li><a href=\"http:\/\/cdgym91.com\/gaf\/compet\/equipes_2017\/morsang2\/libre5tc.pdf\">Libres 5\u00a010 ans et +<\/a><\/li>\n<li><a href=\"http:\/\/cdgym91.com\/gaf\/compet\/equipes_2017\/morsang2\/libre4tc.pdf\">Libres 4 10 ans et +<\/a><\/li>\n<li><a href=\"http:\/\/cdgym91.com\/gaf\/compet\/equipes_2017\/morsang2\/libre4bmc.pdf\">Libres 4 10 &#8211; 15 ans<\/a><\/li>\n<li><a href=\"http:\/\/cdgym91.com\/gaf\/compet\/equipes_2017\/morsang2\/libre3benj.pdf\">Libres 3 10 &#8211; 11 ans<\/a><\/li>\n<\/ul>\n<p>&nbsp;<\/p>\n<p><strong><em>Igny : 26 mars 2017<\/em><\/strong><\/p>\n<p><img loading=\"lazy\" decoding=\"async\" class=\"aligncenter wp-image-871\" src=\"http:\/\/gcmennecy.fr\/wp-content\/uploads\/2017\/01\/POussines-matin-300x199.jpg\" alt=\"\" width=\"210\" height=\"139\" srcset=\"https:\/\/gcmennecy.fr\/wp-content\/uploads\/2017\/01\/POussines-matin-300x199.jpg 300w, https:\/\/gcmennecy.fr\/wp-content\/uploads\/2017\/01\/POussines-matin-768x510.jpg 768w, https:\/\/gcmennecy.fr\/wp-content\/uploads\/2017\/01\/POussines-matin.jpg 960w\" sizes=\"auto, (max-width: 210px) 100vw, 210px\" \/><\/p>\n<ul>\n<li><a href=\"http:\/\/cdgym91.com\/gaf\/compet\/equipes_2017\/igny\/ca8.pdf\">Programme A 7-8 ans<\/a><\/li>\n<li><a href=\"http:\/\/cdgym91.com\/gaf\/compet\/equipes_2017\/igny\/ca9.pdf\">Programme A 7-9 ans<\/a><\/li>\n<li><a href=\"http:\/\/cdgym91.com\/gaf\/compet\/equipes_2017\/igny\/cb8.pdf\">Programme AB 7-8 ans<\/a><\/li>\n<li><a href=\"http:\/\/cdgym91.com\/gaf\/compet\/equipes_2017\/igny\/cb9.pdf\">Programme AB 7-9 ans<\/a><\/li>\n<\/ul>\n<p><img loading=\"lazy\" decoding=\"async\" class=\"wp-image-869 alignleft\" src=\"http:\/\/gcmennecy.fr\/wp-content\/uploads\/2017\/01\/POussinesA-7-9-300x169.jpg\" alt=\"\" width=\"208\" height=\"117\" srcset=\"https:\/\/gcmennecy.fr\/wp-content\/uploads\/2017\/01\/POussinesA-7-9-300x169.jpg 300w, https:\/\/gcmennecy.fr\/wp-content\/uploads\/2017\/01\/POussinesA-7-9-768x432.jpg 768w, https:\/\/gcmennecy.fr\/wp-content\/uploads\/2017\/01\/POussinesA-7-9.jpg 960w\" sizes=\"auto, (max-width: 208px) 100vw, 208px\" \/><\/p>\n<p><img loading=\"lazy\" decoding=\"async\" class=\"wp-image-870 alignright\" src=\"http:\/\/gcmennecy.fr\/wp-content\/uploads\/2017\/01\/poussinesAB-7-9-300x169.jpg\" alt=\"\" width=\"210\" height=\"118\" srcset=\"https:\/\/gcmennecy.fr\/wp-content\/uploads\/2017\/01\/poussinesAB-7-9-300x169.jpg 300w, https:\/\/gcmennecy.fr\/wp-content\/uploads\/2017\/01\/poussinesAB-7-9-768x432.jpg 768w, https:\/\/gcmennecy.fr\/wp-content\/uploads\/2017\/01\/poussinesAB-7-9.jpg 960w\" sizes=\"auto, (max-width: 210px) 100vw, 210px\" \/><\/p>\n<p>&nbsp;<\/p>\n<p>&nbsp;<\/p>\n<p>&nbsp;<\/p>\n<p><strong><em>Guyancourt : 11 &#8211; 12 mars 2017<br \/>\n<\/em><\/strong><\/p>\n<ul>\n<li><img loading=\"lazy\" decoding=\"async\" class=\" wp-image-837 alignright\" src=\"http:\/\/gcmennecy.fr\/wp-content\/uploads\/2017\/02\/IMG_6201-300x200.jpg\" alt=\"\" width=\"207\" height=\"138\" srcset=\"https:\/\/gcmennecy.fr\/wp-content\/uploads\/2017\/02\/IMG_6201-300x200.jpg 300w, https:\/\/gcmennecy.fr\/wp-content\/uploads\/2017\/02\/IMG_6201-768x513.jpg 768w, https:\/\/gcmennecy.fr\/wp-content\/uploads\/2017\/02\/IMG_6201-1024x684.jpg 1024w\" sizes=\"auto, (max-width: 207px) 100vw, 207px\" \/><a href=\"http:\/\/cdgym91.com\/gaf\/compet\/equipes_2017\/guyancourt\/ffg_zone_bm.pdf\">IRA 10-13 ans<br \/>\n<\/a><\/li>\n<li><a href=\"http:\/\/cdgym91.com\/gaf\/compet\/equipes_2017\/guyancourt\/ffg_zone_tc.pdf\">IRA 10 ans +\u00a0<\/a><\/li>\n<li><a href=\"http:\/\/cdgym91.com\/gaf\/compet\/equipes_2017\/guyancourt\/trophee.pdf\">Troph\u00e9e F\u00e9d\u00e9ral<\/a> \u00a0<span class=\"text_exposed_show\"><br \/>\n<\/span><\/li>\n<li><span class=\"text_exposed_show\"><a href=\"http:\/\/cdgym91.com\/gaf\/compet\/equipes_2017\/guyancourt\/natb_tc.pdf\">National B<\/a>\u00a0<\/span><\/li>\n<\/ul>\n<p><strong><em>Gif-sur-Yvette : 04\u00a0&#8211; 05\u00a0Mars\u00a02017<\/em><\/strong><\/p>\n<ul>\n<li><img loading=\"lazy\" decoding=\"async\" class=\" wp-image-768 alignright\" src=\"http:\/\/gymnastiqueclubmennecy.fr\/wp-content\/uploads\/2017\/01\/17039390_1136004889858583_6843705042622968815_o-214x300.jpg\" alt=\"\" width=\"116\" height=\"163\" srcset=\"https:\/\/gcmennecy.fr\/wp-content\/uploads\/2017\/01\/17039390_1136004889858583_6843705042622968815_o-214x300.jpg 214w, https:\/\/gcmennecy.fr\/wp-content\/uploads\/2017\/01\/17039390_1136004889858583_6843705042622968815_o-768x1076.jpg 768w, https:\/\/gcmennecy.fr\/wp-content\/uploads\/2017\/01\/17039390_1136004889858583_6843705042622968815_o-731x1024.jpg 731w, https:\/\/gcmennecy.fr\/wp-content\/uploads\/2017\/01\/17039390_1136004889858583_6843705042622968815_o.jpg 1462w\" sizes=\"auto, (max-width: 116px) 100vw, 116px\" \/><a href=\"http:\/\/cdgym91.com\/gaf\/compet\/equipes_2017\/gif\/libre1_cjs.pdf\">RC 14 ans + &#8211; L1<br \/>\n<\/a><\/li>\n<li><a href=\"http:\/\/cdgym91.com\/gaf\/compet\/equipes_2017\/gif\/libre2_benj.pdf\">RB 10-11 ans &#8211; L2<\/a><\/li>\n<li><a href=\"http:\/\/cdgym91.com\/gaf\/compet\/equipes_2017\/gif\/libre2_bm.pdf\">RB 10-13 ans &#8211; L2<\/a><\/li>\n<li><a href=\"http:\/\/cdgym91.com\/gaf\/compet\/equipes_2017\/gif\/libre2_bmc.pdf\">RB 10-15 ans &#8211; L2<\/a><\/li>\n<li><a href=\"http:\/\/cdgym91.com\/gaf\/compet\/equipes_2017\/gif\/libre2_tc.pdf\">RB 10 ans + &#8211; L2<\/a><\/li>\n<\/ul>\n<p><strong><em>Morsang-sur-orge : 28 &#8211; 29 Janvier 2017<\/em><\/strong><\/p>\n<ul>\n<li><a href=\"http:\/\/cdgym91.com\/gaf\/compet\/equipes_2017\/morsang\/natb.pdf\">National B 10 ans et +<\/a><\/li>\n<li><a href=\"http:\/\/cdgym91.com\/gaf\/compet\/equipes_2017\/morsang\/trophee_federal.pdf\">Troph\u00e9e F\u00e9d\u00e9ral<\/a><\/li>\n<li><a href=\"http:\/\/cdgym91.com\/gaf\/compet\/equipes_2017\/morsang\/ira_1pt_bm.pdf\">IRA 10-13 ans\u00a0<img loading=\"lazy\" decoding=\"async\" class=\"size-medium wp-image-627 alignright\" src=\"http:\/\/gymnastiqueclubmennecy.fr\/wp-content\/uploads\/2017\/01\/DSC_2419-300x199.jpg\" alt=\"\" width=\"300\" height=\"199\" srcset=\"https:\/\/gcmennecy.fr\/wp-content\/uploads\/2017\/01\/DSC_2419-300x199.jpg 300w, https:\/\/gcmennecy.fr\/wp-content\/uploads\/2017\/01\/DSC_2419-768x511.jpg 768w, https:\/\/gcmennecy.fr\/wp-content\/uploads\/2017\/01\/DSC_2419-1024x681.jpg 1024w\" sizes=\"auto, (max-width: 300px) 100vw, 300px\" \/><\/a><\/li>\n<li><a href=\"http:\/\/cdgym91.com\/gaf\/compet\/equipes_2017\/morsang\/ira_1pt_tc.pdf\">IRA 10 ans et +<\/a><\/li>\n<li><a href=\"http:\/\/cdgym91.com\/gaf\/compet\/equipes_2017\/morsang\/libre5tc.pdf\">IRB 10 ans et + L5<\/a><\/li>\n<li><a href=\"http:\/\/cdgym91.com\/gaf\/compet\/equipes_2017\/morsang\/libre4bmc.pdf\">IRB 10-15 ans L4<\/a><\/li>\n<li><a href=\"http:\/\/cdgym91.com\/gaf\/compet\/equipes_2017\/morsang\/libre4tc.pdf\">IRB 10 ans et + L4<\/a><\/li>\n<li><a href=\"http:\/\/cdgym91.com\/gaf\/compet\/equipes_2017\/morsang\/libre3benj.pdf\">IRC 10-11 ans<\/a><\/li>\n<li><a href=\"http:\/\/cdgym91.com\/gaf\/compet\/equipes_2017\/morsang\/libre3bm.pdf\">IRC 10-13 ans<\/a><\/li>\n<li><a href=\"http:\/\/cdgym91.com\/gaf\/compet\/equipes_2017\/morsang\/libre3bmc.pdf\">IRC 10-15 ans<\/a><\/li>\n<\/ul>\n","protected":false},"excerpt":{"rendered":"<p>Saint-Prix : 20 &#8211; 21 mai 2017 Libres 2 10 &#8211; 11 ans Libres 2 10 &#8211; 15 ans Libres 2 10 ans et + Libres 1 14 ans et &#8230;<\/p>\n","protected":false},"author":1,"featured_media":0,"parent":1589,"menu_order":2,"comment_status":"closed","ping_status":"closed","template":"","meta":{"footnotes":""},"class_list":["post-448","page","type-page","status-publish","hentry"],"jetpack_sharing_enabled":true,"jetpack_shortlink":"https:\/\/wp.me\/P8Uk5b-7e","_links":{"self":[{"href":"https:\/\/www.gcmennecy.fr\/index.php\/wp-json\/wp\/v2\/pages\/448","targetHints":{"allow":["GET"]}}],"collection":[{"href":"https:\/\/www.gcmennecy.fr\/index.php\/wp-json\/wp\/v2\/pages"}],"about":[{"href":"https:\/\/www.gcmennecy.fr\/index.php\/wp-json\/wp\/v2\/types\/page"}],"author":[{"embeddable":true,"href":"https:\/\/www.gcmennecy.fr\/index.php\/wp-json\/wp\/v2\/users\/1"}],"replies":[{"embeddable":true,"href":"https:\/\/www.gcmennecy.fr\/index.php\/wp-json\/wp\/v2\/comments?post=448"}],"version-history":[{"count":1,"href":"https:\/\/www.gcmennecy.fr\/index.php\/wp-json\/wp\/v2\/pages\/448\/revisions"}],"predecessor-version":[{"id":1203,"href":"https:\/\/www.gcmennecy.fr\/index.php\/wp-json\/wp\/v2\/pages\/448\/revisions\/1203"}],"up":[{"embeddable":true,"href":"https:\/\/www.gcmennecy.fr\/index.php\/wp-json\/wp\/v2\/pages\/1589"}],"wp:attachment":[{"href":"https:\/\/www.gcmennecy.fr\/index.php\/wp-json\/wp\/v2\/media?parent=448"}],"curies":[{"name":"wp","href":"https:\/\/api.w.org\/{rel}","templated":true}]}}