{"id":446,"date":"2017-01-02T18:06:36","date_gmt":"2017-01-02T17:06:36","guid":{"rendered":"https:\/\/gymnastiqueclubmennecy.wordpress.com\/?page_id=446"},"modified":"2018-01-28T19:38:03","modified_gmt":"2018-01-28T18:38:03","slug":"individuelles-2016-2017","status":"publish","type":"page","link":"https:\/\/www.gcmennecy.fr\/index.php\/les-resultats\/gymnastique-artistique-feminine-gaf\/individuelles-2016-2017\/","title":{"rendered":"Individuelles 2016-2017"},"content":{"rendered":"<p><strong><em>Saint Pierre Du Perray 29 &#8211; 30 avril 2017<\/em><\/strong><\/p>\n<table>\n<tbody>\n<tr>\n<th><a href=\"http:\/\/cdgym91.com\/gaf\/compet\/indiv_2017\/st_pierre_zone\/libre5_13ans.pdf\">Libres 5 <\/a><\/p>\n<p>&#8211;\u00a0<a href=\"http:\/\/cdgym91.com\/gaf\/compet\/indiv_2017\/st_pierre\/libre5_13ans.pdf\">13 ans<\/a><\/th>\n<th><a href=\"http:\/\/cdgym91.com\/gaf\/compet\/indiv_2017\/st_pierre_zone\/libre5_15ans.pdf\">Libres 5 <\/a><\/p>\n<p><a href=\"http:\/\/cdgym91.com\/gaf\/compet\/indiv_2017\/st_pierre_zone\/libre5_15ans.pdf\">&#8211;\u00a015 ans<\/a><\/th>\n<th><a href=\"http:\/\/cdgym91.com\/gaf\/compet\/indiv_2017\/st_pierre_zone\/libre5_16ans.pdf\">Libres 5 <\/a><\/p>\n<p><a href=\"http:\/\/cdgym91.com\/gaf\/compet\/indiv_2017\/st_pierre_zone\/libre5_16ans.pdf\">&#8211;\u00a016 ans<\/a><\/th>\n<th><a href=\"http:\/\/cdgym91.com\/gaf\/compet\/indiv_2017\/st_pierre_zone\/libre5_18ans.pdf\">Libres 5 <\/a><\/p>\n<p><a href=\"http:\/\/cdgym91.com\/gaf\/compet\/indiv_2017\/st_pierre_zone\/libre5_18ans.pdf\">&#8211;\u00a018 ans +<\/a><\/th>\n<\/tr>\n<\/tbody>\n<\/table>\n<table>\n<tbody>\n<tr>\n<th><a href=\"http:\/\/cdgym91.com\/gaf\/compet\/indiv_2017\/st_pierre_zone\/libre4_16ans.pdf\">Libres 4 &#8211; 16 ans<\/a><\/th>\n<th><a href=\"http:\/\/cdgym91.com\/gaf\/compet\/indiv_2017\/st_pierre_zone\/libre4_18ans.pdf\">Libres 4 &#8211;\u00a018 ans<\/a><\/th>\n<\/tr>\n<\/tbody>\n<\/table>\n<p>&nbsp;<\/p>\n<p><strong><em>Courcouronnes 29 &#8211; 30 avril 2017<\/em><\/strong><\/p>\n<table>\n<tbody>\n<tr>\n<th><a href=\"http:\/\/cdgym91.com\/gaf\/compet\/indiv_2017\/courcouronnes\/libre3_10ans.pdf\">Libres 3 &#8211;\u00a010 ans<\/a><a href=\"http:\/\/cdgym91.com\/gaf\/compet\/indiv_2017\/st_pierre\/libre3_10ans.pdf\"><br \/>\n<\/a><\/th>\n<th><a href=\"http:\/\/cdgym91.com\/gaf\/compet\/indiv_2017\/courcouronnes\/libre3_11ans.pdf\">Libres 3 &#8211;\u00a011 ans<\/a><\/th>\n<th><a href=\"http:\/\/cdgym91.com\/gaf\/compet\/indiv_2017\/courcouronnes\/libre3_13ans.pdf\">Libres 3\u00a0&#8211;\u00a013 ans<\/a><\/th>\n<th><a href=\"http:\/\/cdgym91.com\/gaf\/compet\/indiv_2017\/courcouronnes\/libre3_14ans.pdf\">Libres 3 &#8211;\u00a014 ans<\/a><\/th>\n<th><a href=\"http:\/\/cdgym91.com\/gaf\/compet\/indiv_2017\/courcouronnes\/libre3_15ans.pdf\">Libres 3 &#8211;\u00a015 ans<\/a><\/th>\n<\/tr>\n<\/tbody>\n<\/table>\n<p>&nbsp;<\/p>\n<p><strong><em>Saint Michel sur Orge 23 avril 2017<img loading=\"lazy\" decoding=\"async\" class=\"size-medium wp-image-914 alignright\" src=\"http:\/\/gcmennecy.fr\/wp-content\/uploads\/2017\/01\/IMG_6931-300x169.jpg\" alt=\"\" width=\"300\" height=\"169\" srcset=\"https:\/\/gcmennecy.fr\/wp-content\/uploads\/2017\/01\/IMG_6931-300x169.jpg 300w, https:\/\/gcmennecy.fr\/wp-content\/uploads\/2017\/01\/IMG_6931-768x432.jpg 768w, https:\/\/gcmennecy.fr\/wp-content\/uploads\/2017\/01\/IMG_6931-1024x576.jpg 1024w, https:\/\/gcmennecy.fr\/wp-content\/uploads\/2017\/01\/IMG_6931.jpg 1280w\" sizes=\"auto, (max-width: 300px) 100vw, 300px\" \/><\/em><\/strong><\/p>\n<p><a href=\"http:\/\/cdgym91.com\/gaf\/compet\/indiv_2017\/parcours2.pdf\">Dipl\u00f4me d&rsquo;Or<\/a><\/p>\n<p><a href=\"http:\/\/cdgym91.com\/gaf\/compet\/indiv_2017\/parcours2.pdf\">Dipl\u00f4me d&rsquo;Argent<\/a><\/p>\n<p><a href=\"http:\/\/cdgym91.com\/gaf\/compet\/indiv_2017\/parcours2.pdf\">Dipl\u00f4me de Bronze<\/a><\/p>\n<p>&nbsp;<\/p>\n<p><strong><em>Elancourt-Maurepas 1 &#8211; 2 avril 2017<\/em><\/strong><\/p>\n<table>\n<tbody>\n<tr>\n<th><a href=\"http:\/\/www.cdgym91.com\/gaf\/compet\/indiv_2017\/elancourt\/fed14_15.pdf\">Troph\u00e9e F\u00e9d\u00e9ral<\/a><\/p>\n<p><a href=\"http:\/\/www.cdgym91.com\/gaf\/compet\/indiv_2017\/elancourt\/fed14_15.pdf\">14 &#8211; 15 ans<\/a><\/th>\n<th>&nbsp;<\/p>\n<p><a href=\"http:\/\/www.cdgym91.com\/gaf\/compet\/indiv_2017\/elancourt\/natb16.pdf\">National B<\/a><\/p>\n<p><a href=\"http:\/\/www.cdgym91.com\/gaf\/compet\/indiv_2017\/elancourt\/natb16.pdf\">16 ans<\/a><\/p>\n<p>&nbsp;<\/th>\n<\/tr>\n<\/tbody>\n<\/table>\n<p><strong><em>Saint Pierre Du Perray 18 &#8211; 19 mars 2017<img loading=\"lazy\" decoding=\"async\" class=\" wp-image-860 alignright\" src=\"http:\/\/gcmennecy.fr\/wp-content\/uploads\/2017\/01\/Podium-Manon.png\" alt=\"\" width=\"62\" height=\"116\" \/><br \/>\n<\/em><\/strong><\/p>\n<div style=\"font-size: 12px;\">\n<table>\n<tbody>\n<tr>\n<th><a href=\"http:\/\/cdgym91.com\/gaf\/compet\/indiv_2017\/st_pierre\/libre3_10ans.pdf\">Libres 3 <\/a><\/p>\n<p><a href=\"http:\/\/cdgym91.com\/gaf\/compet\/indiv_2017\/st_pierre\/libre3_10ans.pdf\">10 ans<\/a><a href=\"http:\/\/cdgym91.com\/gaf\/compet\/indiv_2017\/st_pierre\/libre3_10ans.pdf\"><br \/>\n<\/a><\/th>\n<th><a href=\"http:\/\/cdgym91.com\/gaf\/compet\/indiv_2017\/st_pierre\/libre3_11ans.pdf\">Libres 3 <\/a><\/p>\n<p><a href=\"http:\/\/cdgym91.com\/gaf\/compet\/indiv_2017\/st_pierre\/libre3_11ans.pdf\">11 ans\u00a0<\/a><\/th>\n<th><a href=\"http:\/\/cdgym91.com\/gaf\/compet\/indiv_2017\/st_pierre\/libre3_13ans.pdf\">Libres 3<\/a><\/p>\n<p><a href=\"http:\/\/cdgym91.com\/gaf\/compet\/indiv_2017\/st_pierre\/libre3_13ans.pdf\">13 ans<\/a><\/th>\n<th><a href=\"http:\/\/cdgym91.com\/gaf\/compet\/indiv_2017\/st_pierre\/libre3_14ans.pdf\">Libres 3 <\/a><\/p>\n<p><a href=\"http:\/\/cdgym91.com\/gaf\/compet\/indiv_2017\/st_pierre\/libre3_14ans.pdf\">14 ans<\/a><\/th>\n<th><a href=\"http:\/\/cdgym91.com\/gaf\/compet\/indiv_2017\/st_pierre\/libre3_15ans.pdf\">Libres 3 <\/a><\/p>\n<p><a href=\"http:\/\/cdgym91.com\/gaf\/compet\/indiv_2017\/st_michel\/libre3_15ans.pdf\">15 ans<\/a><\/th>\n<\/tr>\n<\/tbody>\n<\/table>\n<table>\n<tbody>\n<tr>\n<th><a href=\"http:\/\/cdgym91.com\/gaf\/compet\/indiv_2017\/st_pierre\/libre5_13ans.pdf\">Libres 5 <\/a><\/p>\n<p><a href=\"http:\/\/cdgym91.com\/gaf\/compet\/indiv_2017\/st_pierre\/libre5_13ans.pdf\">13 ans<\/a><\/th>\n<th><a href=\"http:\/\/cdgym91.com\/gaf\/compet\/indiv_2017\/st_pierre\/libre5_15ans.pdf\">Libres 5 <\/a><\/p>\n<p><a href=\"http:\/\/cdgym91.com\/gaf\/compet\/indiv_2017\/st_pierre\/libre5_15ans.pdf\">15 ans<\/a><\/th>\n<th><a href=\"http:\/\/cdgym91.com\/gaf\/compet\/indiv_2017\/st_pierre\/libre5_16ans.pdf\">Libres 5 <\/a><\/p>\n<p><a href=\"http:\/\/cdgym91.com\/gaf\/compet\/indiv_2017\/st_pierre\/libre5_16ans.pdf\">16 ans<\/a><\/th>\n<th><a href=\"http:\/\/cdgym91.com\/gaf\/compet\/indiv_2017\/st_pierre\/libre5_18ans.pdf\">Libres 5 <\/a><\/p>\n<p><a href=\"http:\/\/cdgym91.com\/gaf\/compet\/indiv_2017\/st_pierre\/libre5_18ans.pdf\">18 ans +<\/a><\/th>\n<\/tr>\n<\/tbody>\n<\/table>\n<table>\n<tbody>\n<tr>\n<th><a href=\"http:\/\/cdgym91.com\/gaf\/compet\/indiv_2017\/st_pierre\/libre4_16ans.pdf\">Libres 4 <\/a><\/p>\n<p><a href=\"http:\/\/cdgym91.com\/gaf\/compet\/indiv_2017\/st_pierre\/libre4_16ans.pdf\">16 ans<\/a><\/th>\n<th><a href=\"http:\/\/cdgym91.com\/gaf\/compet\/indiv_2017\/st_pierre\/libre4_18ans.pdf\">Libres 4 <\/a><\/p>\n<p><a href=\"http:\/\/cdgym91.com\/gaf\/compet\/indiv_2017\/st_pierre\/libre4_18ans.pdf\">18 ans<\/a><\/th>\n<\/tr>\n<\/tbody>\n<\/table>\n<\/div>\n<p><strong><em>Limay 25 &#8211; 26 f\u00e9vrier 2017<\/em><\/strong><\/p>\n<div style=\"font-size: 12px;\">\n<table>\n<tbody>\n<tr>\n<th><a href=\"http:\/\/cdgym91.com\/gaf\/compet\/indiv_2017\/limay\/natb16.pdf\">Nat B\u00a016 ans<\/a><\/th>\n<th><a href=\"http:\/\/cdgym91.com\/gaf\/compet\/indiv_2017\/limay\/natb18.pdf\">Nat B 18-20 ans<\/a><\/th>\n<th><a href=\"http:\/\/cdgym91.com\/gaf\/compet\/indiv_2017\/limay\/fed14_15.pdf\">Troph\u00e9e F\u00e9d\u00e9ral 14-15 ans<\/a><\/th>\n<th><a href=\"http:\/\/cdgym91.com\/gaf\/compet\/indiv_2017\/limay\/fed16.pdf\">Troph\u00e9e F\u00e9d\u00e9ral 16 ans et +<\/a><\/th>\n<\/tr>\n<\/tbody>\n<\/table>\n<\/div>\n<p><strong><em>Saint Michel sur Orge 21 janvier 2017<\/em><\/strong><\/p>\n<div style=\"font-size: 12px;\">\n<table>\n<tbody>\n<tr>\n<th><a href=\"http:\/\/cdgym91.com\/gaf\/compet\/indiv_2017\/st_michel\/libre3_10ans.pdf\">Libres 3 <\/a><\/p>\n<p><a href=\"http:\/\/cdgym91.com\/gaf\/compet\/indiv_2017\/st_michel\/libre3_10ans.pdf\">10 ans<br \/>\n<\/a><\/th>\n<th><a href=\"http:\/\/cdgym91.com\/gaf\/compet\/indiv_2017\/st_michel\/libre3_11ans.pdf\">Libres 3 <\/a><\/p>\n<p><a href=\"http:\/\/cdgym91.com\/gaf\/compet\/indiv_2017\/st_michel\/libre3_11ans.pdf\">11 ans\u00a0<\/a><\/th>\n<th><a href=\"http:\/\/cdgym91.com\/gaf\/compet\/indiv_2017\/st_michel\/libre3_12ans.pdf\">Libres 3 <\/a><\/p>\n<p><a href=\"http:\/\/cdgym91.com\/gaf\/compet\/indiv_2017\/st_michel\/libre3_12ans.pdf\">12 ans<\/a><\/th>\n<th><a href=\"http:\/\/cdgym91.com\/gaf\/compet\/indiv_2017\/st_michel\/libre3_13ans.pdf\">Libres 3 <\/a><\/p>\n<p><a href=\"http:\/\/cdgym91.com\/gaf\/compet\/indiv_2017\/st_michel\/libre3_13ans.pdf\">13 ans<\/a><\/th>\n<\/tr>\n<\/tbody>\n<\/table>\n<\/div>\n<div style=\"font-size: 12px;\" align=\"left\">\n<table>\n<tbody>\n<tr>\n<th><a href=\"http:\/\/cdgym91.com\/gaf\/compet\/indiv_2017\/st_michel\/libre3_14ans.pdf\">Libres 3 <\/a><\/p>\n<p><a href=\"http:\/\/cdgym91.com\/gaf\/compet\/indiv_2017\/st_michel\/libre3_14ans.pdf\">14 ans<\/a><\/th>\n<th><a href=\"http:\/\/cdgym91.com\/gaf\/compet\/indiv_2017\/st_michel\/libre3_15ans.pdf\">Libres 3 <\/a><\/p>\n<p><a href=\"http:\/\/cdgym91.com\/gaf\/compet\/indiv_2017\/st_michel\/libre3_15ans.pdf\">15 ans<\/a><\/th>\n<th><a href=\"http:\/\/cdgym91.com\/gaf\/compet\/indiv_2017\/st_michel\/libre3_18ans.pdf\">Libres 3 <\/a><\/p>\n<p><a href=\"http:\/\/cdgym91.com\/gaf\/compet\/indiv_2017\/st_michel\/libre3_18ans.pdf\">18 ans +<\/a><\/th>\n<\/tr>\n<\/tbody>\n<\/table>\n<p><img loading=\"lazy\" decoding=\"async\" class=\"size-medium wp-image-667 aligncenter\" src=\"http:\/\/gymnastiqueclubmennecy.fr\/wp-content\/uploads\/2017\/01\/16251231_764743573681064_2031961424_o-300x169.jpg\" alt=\"\" width=\"300\" height=\"169\" srcset=\"https:\/\/gcmennecy.fr\/wp-content\/uploads\/2017\/01\/16251231_764743573681064_2031961424_o-300x169.jpg 300w, https:\/\/gcmennecy.fr\/wp-content\/uploads\/2017\/01\/16251231_764743573681064_2031961424_o-768x432.jpg 768w, https:\/\/gcmennecy.fr\/wp-content\/uploads\/2017\/01\/16251231_764743573681064_2031961424_o-1024x576.jpg 1024w, https:\/\/gcmennecy.fr\/wp-content\/uploads\/2017\/01\/16251231_764743573681064_2031961424_o.jpg 1334w\" sizes=\"auto, (max-width: 300px) 100vw, 300px\" \/><\/p>\n<table>\n<tbody>\n<tr>\n<th><a href=\"http:\/\/cdgym91.com\/gaf\/compet\/indiv_2017\/st_michel\/libre4_16ans.pdf\">Libres 4 <\/a><\/p>\n<p><a href=\"http:\/\/cdgym91.com\/gaf\/compet\/indiv_2017\/st_michel\/libre4_16ans.pdf\">16 ans<\/a><\/th>\n<th><a href=\"http:\/\/cdgym91.com\/gaf\/compet\/indiv_2017\/st_michel\/libre4_18ans.pdf\">Libres 4 <\/a><\/p>\n<p><a href=\"http:\/\/cdgym91.com\/gaf\/compet\/indiv_2017\/st_michel\/libre4_18ans.pdf\">18 ans<\/a><\/th>\n<\/tr>\n<\/tbody>\n<\/table>\n<table>\n<tbody>\n<tr>\n<th><a href=\"http:\/\/cdgym91.com\/gaf\/compet\/indiv_2017\/st_michel\/libre5_13ans.pdf\">Libres 5 <\/a><\/p>\n<p><a href=\"http:\/\/cdgym91.com\/gaf\/compet\/indiv_2017\/st_michel\/libre5_13ans.pdf\">13 ans<\/a><\/th>\n<th><a href=\"http:\/\/cdgym91.com\/gaf\/compet\/indiv_2017\/st_michel\/libre5_15ans.pdf\">Libres 5 <\/a><\/p>\n<p><a href=\"http:\/\/cdgym91.com\/gaf\/compet\/indiv_2017\/st_michel\/libre5_15ans.pdf\">15 ans<\/a><\/th>\n<th><a href=\"http:\/\/cdgym91.com\/gaf\/compet\/indiv_2017\/st_michel\/libre5_16ans.pdf\">Libres 5 <\/a><\/p>\n<p><a href=\"http:\/\/cdgym91.com\/gaf\/compet\/indiv_2017\/st_michel\/libre5_16ans.pdf\">16 ans<\/a><\/th>\n<th><a href=\"http:\/\/cdgym91.com\/gaf\/compet\/indiv_2017\/st_michel\/libre5_18ans.pdf\">Libres 5 <\/a><\/p>\n<p><a href=\"http:\/\/cdgym91.com\/gaf\/compet\/indiv_2017\/st_michel\/libre5_18ans.pdf\">18 ans +<\/a><\/th>\n<\/tr>\n<\/tbody>\n<\/table>\n<\/div>\n<p><strong><em>Massy 11 d\u00e9cembre 2016<\/em><\/strong><\/p>\n<div><img loading=\"lazy\" decoding=\"async\" class=\" size-medium wp-image-168 alignright\" src=\"http:\/\/travaux.gymnastiqueclubmennecy.fr\/wp-content\/uploads\/2017\/01\/20161211_193211.jpg?w=300\" alt=\"20161211_193211\" width=\"300\" height=\"225\" srcset=\"https:\/\/gcmennecy.fr\/wp-content\/uploads\/2017\/01\/20161211_193211.jpg 3264w, https:\/\/gcmennecy.fr\/wp-content\/uploads\/2017\/01\/20161211_193211-300x225.jpg 300w, https:\/\/gcmennecy.fr\/wp-content\/uploads\/2017\/01\/20161211_193211-768x576.jpg 768w, https:\/\/gcmennecy.fr\/wp-content\/uploads\/2017\/01\/20161211_193211-1024x768.jpg 1024w\" sizes=\"auto, (max-width: 300px) 100vw, 300px\" \/><\/div>\n<ul>\n<li><a href=\"http:\/\/cdgym91.com\/gaf\/compet\/indiv_2017\/massy\/fed14_15.pdf\" target=\"_blank\" rel=\"noopener noreferrer\">Troph\u00e9e F\u00e9d\u00e9ral 14-15 Ans\u00a0<\/a><\/li>\n<li><a href=\"http:\/\/cdgym91.com\/gaf\/compet\/indiv_2017\/massy\/fed16.pdf\" target=\"_blank\" rel=\"noopener noreferrer\">Troph\u00e9e F\u00e9d\u00e9ral 16 ans et +<\/a><\/li>\n<li><a href=\"http:\/\/cdgym91.com\/gaf\/compet\/indiv_2017\/massy\/natb16.pdf\" target=\"_blank\" rel=\"noopener noreferrer\">National B 16 ans<\/a><\/li>\n<li><a href=\"http:\/\/cdgym91.com\/gaf\/compet\/indiv_2017\/massy\/natb18.pdf\" target=\"_blank\" rel=\"noopener noreferrer\">National B 18-20 ans<\/a><\/li>\n<\/ul>\n","protected":false},"excerpt":{"rendered":"<p>Saint Pierre Du Perray 29 &#8211; 30 avril 2017 Libres 5 &#8211;\u00a013 ans Libres 5 &#8211;\u00a015 ans Libres 5 &#8211;\u00a016 ans Libres 5 &#8211;\u00a018 ans + Libres 4 &#8211; 16 &#8230;<\/p>\n","protected":false},"author":1,"featured_media":0,"parent":1589,"menu_order":3,"comment_status":"closed","ping_status":"closed","template":"","meta":{"footnotes":""},"class_list":["post-446","page","type-page","status-publish","hentry"],"jetpack_sharing_enabled":true,"jetpack_shortlink":"https:\/\/wp.me\/P8Uk5b-7c","_links":{"self":[{"href":"https:\/\/www.gcmennecy.fr\/index.php\/wp-json\/wp\/v2\/pages\/446","targetHints":{"allow":["GET"]}}],"collection":[{"href":"https:\/\/www.gcmennecy.fr\/index.php\/wp-json\/wp\/v2\/pages"}],"about":[{"href":"https:\/\/www.gcmennecy.fr\/index.php\/wp-json\/wp\/v2\/types\/page"}],"author":[{"embeddable":true,"href":"https:\/\/www.gcmennecy.fr\/index.php\/wp-json\/wp\/v2\/users\/1"}],"replies":[{"embeddable":true,"href":"https:\/\/www.gcmennecy.fr\/index.php\/wp-json\/wp\/v2\/comments?post=446"}],"version-history":[{"count":3,"href":"https:\/\/www.gcmennecy.fr\/index.php\/wp-json\/wp\/v2\/pages\/446\/revisions"}],"predecessor-version":[{"id":1598,"href":"https:\/\/www.gcmennecy.fr\/index.php\/wp-json\/wp\/v2\/pages\/446\/revisions\/1598"}],"up":[{"embeddable":true,"href":"https:\/\/www.gcmennecy.fr\/index.php\/wp-json\/wp\/v2\/pages\/1589"}],"wp:attachment":[{"href":"https:\/\/www.gcmennecy.fr\/index.php\/wp-json\/wp\/v2\/media?parent=446"}],"curies":[{"name":"wp","href":"https:\/\/api.w.org\/{rel}","templated":true}]}}