{"id":3199,"date":"2019-11-12T00:54:59","date_gmt":"2019-11-11T23:54:59","guid":{"rendered":"http:\/\/www.gcmennecy.fr\/?page_id=3199"},"modified":"2019-11-12T01:05:09","modified_gmt":"2019-11-12T00:05:09","slug":"documents-pour-lag-ordinaire-du-26-11-2019","status":"publish","type":"page","link":"https:\/\/www.gcmennecy.fr\/index.php\/documents-pour-lag-ordinaire-du-26-11-2019\/","title":{"rendered":"Documents pour l&rsquo;AG Ordinaire du 26\/11\/2019"},"content":{"rendered":"<p><a href=\"http:\/\/gcmennecy.fr\/wp-content\/uploads\/2019\/11\/compte-rendu-AG-GCM-20182019.pdf\">compte rendu AG GCM 20182019<\/a><\/p>\n<p><a href=\"http:\/\/gcmennecy.fr\/wp-content\/uploads\/2019\/11\/Compte-de-r\u00e9sultat-et-budget-pr\u00e9visionnel.pdf\">Compte de r\u00e9sultat et budget pr\u00e9visionnel<\/a><\/p>\n<p><a href=\"http:\/\/gcmennecy.fr\/wp-content\/uploads\/2019\/11\/Rapport-dactivit\u00e9s-2018-2019.pdf\">Rapport d&rsquo;activit\u00e9s 2018-2019<\/a><\/p>\n","protected":false},"excerpt":{"rendered":"<p>compte rendu AG GCM 20182019 Compte de r\u00e9sultat et budget pr\u00e9visionnel Rapport d&rsquo;activit\u00e9s 2018-2019<\/p>\n","protected":false},"author":1,"featured_media":0,"parent":0,"menu_order":0,"comment_status":"closed","ping_status":"closed","template":"","meta":{"footnotes":""},"class_list":["post-3199","page","type-page","status-publish","hentry"],"jetpack_sharing_enabled":false,"jetpack_shortlink":"https:\/\/wp.me\/P8Uk5b-PB","_links":{"self":[{"href":"https:\/\/www.gcmennecy.fr\/index.php\/wp-json\/wp\/v2\/pages\/3199","targetHints":{"allow":["GET"]}}],"collection":[{"href":"https:\/\/www.gcmennecy.fr\/index.php\/wp-json\/wp\/v2\/pages"}],"about":[{"href":"https:\/\/www.gcmennecy.fr\/index.php\/wp-json\/wp\/v2\/types\/page"}],"author":[{"embeddable":true,"href":"https:\/\/www.gcmennecy.fr\/index.php\/wp-json\/wp\/v2\/users\/1"}],"replies":[{"embeddable":true,"href":"https:\/\/www.gcmennecy.fr\/index.php\/wp-json\/wp\/v2\/comments?post=3199"}],"version-history":[{"count":2,"href":"https:\/\/www.gcmennecy.fr\/index.php\/wp-json\/wp\/v2\/pages\/3199\/revisions"}],"predecessor-version":[{"id":3204,"href":"https:\/\/www.gcmennecy.fr\/index.php\/wp-json\/wp\/v2\/pages\/3199\/revisions\/3204"}],"wp:attachment":[{"href":"https:\/\/www.gcmennecy.fr\/index.php\/wp-json\/wp\/v2\/media?parent=3199"}],"curies":[{"name":"wp","href":"https:\/\/api.w.org\/{rel}","templated":true}]}}