{"id":2499,"date":"2018-12-20T00:30:57","date_gmt":"2018-12-19T23:30:57","guid":{"rendered":"http:\/\/www.gcmennecy.fr\/?page_id=2499"},"modified":"2019-04-14T21:09:19","modified_gmt":"2019-04-14T19:09:19","slug":"resultats-2018-2019","status":"publish","type":"page","link":"https:\/\/www.gcmennecy.fr\/index.php\/les-resultats\/gymnastique-artistique-feminine-gaf\/resultats-2018-2019\/","title":{"rendered":"&#8211; R\u00e9sultats 2018\/2019"},"content":{"rendered":"<p style=\"text-align: left;\"><strong><span style=\"font-size: 1rem;\">RESULTATS COMPETITIONS INDIVIDUELLES :<\/span><\/strong><\/p>\n<p><span style=\"color: #339966;\"><strong>Morsang sur Orge &#8211; 15 et 16\/12\/18- <em>D\u00e9partementales<\/em> : 4 PODIUMS !!!!<\/strong><\/span><br \/>\n<a href=\"http:\/\/gcmennecy.fr\/wp-content\/uploads\/2018\/12\/nat10.pdf\">Nationales 10ans<\/a>: Na\u00eblle (1\u00e8re)<br \/>\n<a href=\"http:\/\/gcmennecy.fr\/wp-content\/uploads\/2018\/12\/reg18.pdf\">Perf R\u00e9gionales 18-20 ans<\/a>: Clara (2\u00e8me)<br \/>\n<a href=\"http:\/\/gcmennecy.fr\/wp-content\/uploads\/2018\/12\/fed10.pdf\">F\u00e9d\u00e9rales A 10 ans<\/a>: Lylia (7\u00e8me) et Mila (9\u00e8me)<br \/>\n<a href=\"http:\/\/gcmennecy.fr\/wp-content\/uploads\/2018\/12\/fed11.pdf\">F\u00e9d\u00e9rales A 11 ans<\/a>: Nina (14\u00e8me)<br \/>\n<a href=\"http:\/\/gcmennecy.fr\/wp-content\/uploads\/2018\/12\/fed12.pdf\">F\u00e9d\u00e9rales A 12 ans<\/a>: Juliette (7\u00e8me)<br \/>\n<a href=\"http:\/\/gcmennecy.fr\/wp-content\/uploads\/2018\/12\/fed13.pdf\">F\u00e9d\u00e9rales A 13 ans<\/a>: Lucy (2\u00e8me), Roxane (10\u00e8me), Lucie (16\u00e8me)<br \/>\n<a href=\"http:\/\/gcmennecy.fr\/wp-content\/uploads\/2018\/12\/fed15.pdf\">F\u00e9d\u00e9rales A 15 ans<\/a>: Olivia (4\u00e8me), Emma (7\u00e8me), Solange (10\u00e8me), Chlo\u00e9 A. (11 \u00e8me), Chlo\u00e9 D. (12\u00e8me), Kelia (15\u00e8me)<br \/>\n<a href=\"http:\/\/gcmennecy.fr\/wp-content\/uploads\/2018\/12\/fed17.pdf\">F\u00e9d\u00e9rales A 17 ans<\/a>: Ma\u00eblisse (3\u00e8me)<\/p>\n<p><span style=\"color: #0000ff;\"><strong><em>Le Blanc Mesnil &#8211; 16 et 17\/02\/19 &#8211; Interd\u00e9partementales :<\/em><\/strong><\/span><br \/>\n<a href=\"http:\/\/gcmennecy.fr\/wp-content\/uploads\/2019\/02\/fedA_10_ans.pdf\">F\u00e9d\u00e9rales A 10 ans<\/a>\u00a0(Lylia )<br \/>\n<a href=\"http:\/\/gcmennecy.fr\/wp-content\/uploads\/2019\/02\/fedA_12_ans.pdf\">F\u00e9d\u00e9rales A 12 ans<\/a>\u00a0(Juliette R)<br \/>\n<a href=\"http:\/\/gcmennecy.fr\/wp-content\/uploads\/2019\/02\/fedA_13_ans.pdf\">F\u00e9d\u00e9rales A 13 ans<\/a>\u00a0(Roxane)<br \/>\n<a href=\"http:\/\/gcmennecy.fr\/wp-content\/uploads\/2019\/02\/fedA_15_ans.pdf\">F\u00e9d\u00e9rales A 15 ans<\/a> (Olivia, Solange, Chlo\u00e9 A)<br \/>\n<a href=\"http:\/\/gcmennecy.fr\/wp-content\/uploads\/2019\/02\/fedA_17_ans.pdf\">F\u00e9d\u00e9rales A 17 ans<\/a>\u00a0(Ma\u00eblisse)<br \/>\n<a href=\"http:\/\/gcmennecy.fr\/wp-content\/uploads\/2019\/02\/perf_18-20_ans.pdf\">Perf R\u00e9gionales 18-20 ans<\/a>\u00a0(Clara)<br \/>\n<a href=\"http:\/\/gcmennecy.fr\/wp-content\/uploads\/2019\/02\/nat_10_ans.pdf\">Nationales 10 ans<\/a> (Na\u00eblle)<\/p>\n<p><span style=\"color: #ff0000;\"><strong><em>Combs la Ville &#8211; 06 et 07\/04\/19 &#8211; R\u00e9gionales :<\/em><\/strong><\/span><br \/>\n<a href=\"http:\/\/gcmennecy.fr\/wp-content\/uploads\/2019\/04\/reg_18_ans.pdf\">Perf R\u00e9gionales 18-20 ans<\/a>:Clara (6\u00e8me\/14)<br \/>\n<a href=\"http:\/\/gcmennecy.fr\/wp-content\/uploads\/2019\/04\/10_ans.pdf\">Nationales 10_ans<\/a>: Na\u00eblle (14\u00e8me\/23)<\/p>\n<p><strong><span style=\"font-size: 1rem;\">RESULTATS COMPETITIONS EQUIPES :<\/span><\/strong><\/p>\n<p><span style=\"color: #339966;\"><strong>Morsang\/Orge \u2013 02&amp;03\/02\/19- <em>D\u00e9partementales Equipes<\/em> : 2 PODIUMS!!<\/strong><\/span><br \/>\n<strong><em>Division \u00e0 finalit\u00e9 nationale : <\/em><\/strong><br \/>\n<strong><em>Nos 3 \u00e9quipes se sont qualifi\u00e9es pour les interd\u00e9partementales \u00e0 St Prix les 13 et 14\/04 ! <span style=\"color: #339966;\">Un grand BRAVO !<\/span><\/em><\/strong><br \/>\n<a href=\"http:\/\/gcmennecy.fr\/wp-content\/uploads\/2019\/02\/fedA_10_11_ans.pdf\">fedA_10_11_ans<\/a>: 3\u00e8mes!<br \/>\n<a href=\"http:\/\/gcmennecy.fr\/wp-content\/uploads\/2019\/02\/fedA_10_13_ans.pdf\">fedA_10_13_ans<\/a>: soulignons la tr\u00e8s belle performance individuelle de\u00a0Lucy qui se classe 2\u00e8me\u00a0des comp\u00e9titrices de ce niveau!<br \/>\n<a href=\"http:\/\/gcmennecy.fr\/wp-content\/uploads\/2019\/02\/fedA_10_et_plus.pdf\">fedA_10_et_plus<\/a>: 3\u00e8mes!<br \/>\n<strong><em>Division \u00e0 finalit\u00e9 r\u00e9gionale :<\/em><\/strong><br \/>\n<a href=\"http:\/\/gcmennecy.fr\/wp-content\/uploads\/2019\/02\/fedA_reg_9_11_ans.pdf\">fedA_reg_9_11_ans<\/a><br \/>\n<a href=\"http:\/\/gcmennecy.fr\/wp-content\/uploads\/2019\/02\/fedA_reg_10_13_ans.pdf\">fedA_reg_10_13_ans<\/a><br \/>\n<a href=\"http:\/\/gcmennecy.fr\/wp-content\/uploads\/2019\/02\/fedA_reg_10_15_ans.pdf\">fedA_reg_10_15_ans<\/a><br \/>\n<a href=\"http:\/\/gcmennecy.fr\/wp-content\/uploads\/2019\/02\/fedA_reg_10_et_plus.pdf\">fedA_reg_10_et_plus<\/a>: soulignons que dans notre \u00e9quipe \u00ab\u00a010 ans et plus\u00a0\u00bb concouraient\u00a0<strong>2 de nos mamans gymnastes du mercredi soir<\/strong>, soit une\u00a0<strong>moyenne d\u2019\u00e2ge de 27 ans pour cette \u00e9quipe<\/strong>\u00a0qui m\u00e9rite amplement tous nos encouragements et applaudissements !<\/p>\n<p><span style=\"color: #339966;\"><strong>Massy &#8211; 17\/03\/19 &#8211; <em>D\u00e9partementales Equipes &#8211; Fed A Finalit\u00e9 R\u00e9gionale :<\/em><\/strong><\/span><br \/>\n<a href=\"http:\/\/gcmennecy.fr\/wp-content\/uploads\/2019\/03\/fedA_reg_9_11_ans.pdf\">fedA_reg_9_11_ans<\/a><br \/>\n<a href=\"http:\/\/gcmennecy.fr\/wp-content\/uploads\/2019\/03\/fedA_reg_10_13_ans.pdf\">fedA_reg_10_13_ans<\/a><br \/>\n<a href=\"http:\/\/gcmennecy.fr\/wp-content\/uploads\/2019\/03\/fedA_reg_10_15_ans.pdf\">fedA_reg_10_15_ans<\/a><br \/>\n<a href=\"http:\/\/gcmennecy.fr\/wp-content\/uploads\/2019\/03\/fedA_reg_10_et_plus.pdf\">fedA_reg_10_et_plus<\/a><\/p>\n<p><span style=\"color: #339966;\"><strong>Boussy St Antoine &#8211;\u00a0 30&amp;31\/03\/19 &#8211; <em>D\u00e9partementales Equipes &#8211; Fed B :<\/em><\/strong><\/span><br \/>\n<a href=\"http:\/\/gcmennecy.fr\/wp-content\/uploads\/2019\/03\/fed9_11.pdf\">fed9_11<\/a>:\u00a0 12\u00e8mes\/18<br \/>\n<a href=\"http:\/\/gcmennecy.fr\/wp-content\/uploads\/2019\/03\/fed10_13.pdf\">fed10_13<\/a>: 6\u00e8mes\/18, avec les beaux r\u00e9sultats de Julie R et de Pauline, respectivement 13\u00e8mes et 14\u00e8mes\/85<br \/>\n<a href=\"http:\/\/gcmennecy.fr\/wp-content\/uploads\/2019\/03\/fed7_9.pdf\">fed7_9<\/a> : 8\u00e8mes\/22 avec la tr\u00e8s belle performance d&rsquo;Agathe : 9\u00e8me\/98 gymnastes !<br \/>\n<a href=\"http:\/\/gcmennecy.fr\/wp-content\/uploads\/2019\/03\/fed8_10.pdf\">fed8_10<\/a> : 6\u00e8mes\/7, avec le beau r\u00e9sultat de Margaux 12\u00e8me\/34<\/p>\n<p><span style=\"color: #339966;\"><strong>Saint-Prix &#8211; 13&amp;14\/04\/19 &#8211; <em>Interd\u00e9partementales Equipes &#8211; Fed A &#8211; Division \u00e0 finalit\u00e9 nationale<\/em><\/strong><\/span><br \/>\n<a href=\"http:\/\/gcmennecy.fr\/wp-content\/uploads\/2019\/04\/fed10_11.pdf\">fed10_11<\/a>: 6\u00e8mes\/12 (qualifi\u00e9es pour la r\u00e9gion)<br \/>\n<a href=\"http:\/\/gcmennecy.fr\/wp-content\/uploads\/2019\/04\/fed10_13.pdf\">fed10_13<\/a>: 14\u00e8mes\/24 (avec la beau r\u00e9sultat d&rsquo;Emilie, 14\u00e8me\/112 gymnastes!)<br \/>\n<a href=\"http:\/\/gcmennecy.fr\/wp-content\/uploads\/2019\/04\/fed10_et_plus.pdf\">fed10_et_plus<\/a>: 16\u00e8mes\/21<\/p>\n","protected":false},"excerpt":{"rendered":"<p>RESULTATS COMPETITIONS INDIVIDUELLES : Morsang sur Orge &#8211; 15 et 16\/12\/18- D\u00e9partementales : 4 PODIUMS !!!! Nationales 10ans: Na\u00eblle (1\u00e8re) Perf R\u00e9gionales 18-20 ans: Clara (2\u00e8me) F\u00e9d\u00e9rales A 10 ans: &#8230;<\/p>\n","protected":false},"author":1,"featured_media":0,"parent":1589,"menu_order":0,"comment_status":"closed","ping_status":"closed","template":"","meta":{"footnotes":""},"class_list":["post-2499","page","type-page","status-publish","hentry"],"jetpack_sharing_enabled":true,"jetpack_shortlink":"https:\/\/wp.me\/P8Uk5b-Ej","_links":{"self":[{"href":"https:\/\/www.gcmennecy.fr\/index.php\/wp-json\/wp\/v2\/pages\/2499","targetHints":{"allow":["GET"]}}],"collection":[{"href":"https:\/\/www.gcmennecy.fr\/index.php\/wp-json\/wp\/v2\/pages"}],"about":[{"href":"https:\/\/www.gcmennecy.fr\/index.php\/wp-json\/wp\/v2\/types\/page"}],"author":[{"embeddable":true,"href":"https:\/\/www.gcmennecy.fr\/index.php\/wp-json\/wp\/v2\/users\/1"}],"replies":[{"embeddable":true,"href":"https:\/\/www.gcmennecy.fr\/index.php\/wp-json\/wp\/v2\/comments?post=2499"}],"version-history":[{"count":16,"href":"https:\/\/www.gcmennecy.fr\/index.php\/wp-json\/wp\/v2\/pages\/2499\/revisions"}],"predecessor-version":[{"id":2852,"href":"https:\/\/www.gcmennecy.fr\/index.php\/wp-json\/wp\/v2\/pages\/2499\/revisions\/2852"}],"up":[{"embeddable":true,"href":"https:\/\/www.gcmennecy.fr\/index.php\/wp-json\/wp\/v2\/pages\/1589"}],"wp:attachment":[{"href":"https:\/\/www.gcmennecy.fr\/index.php\/wp-json\/wp\/v2\/media?parent=2499"}],"curies":[{"name":"wp","href":"https:\/\/api.w.org\/{rel}","templated":true}]}}