{"id":2469,"date":"2018-11-27T01:09:06","date_gmt":"2018-11-27T00:09:06","guid":{"rendered":"http:\/\/www.gcmennecy.fr\/?page_id=2469"},"modified":"2019-05-13T00:09:35","modified_gmt":"2019-05-12T22:09:35","slug":"teamgym-saison-2018-2019","status":"publish","type":"page","link":"https:\/\/www.gcmennecy.fr\/index.php\/les-resultats\/teamgym-team\/teamgym-saison-2018-2019\/","title":{"rendered":"Comp\u00e9titions TEAMGYM saison 2018\/2019"},"content":{"rendered":"<p>Vous trouverez ci-dessous le calendrier des \u00e9v\u00e9nements TeamGym de la saison 2018\/2019 :<\/p>\n<p><strong>20 janvier 2019 &#8211; Etampes :\u00a0<\/strong><a href=\"http:\/\/gcmennecy.fr\/wp-content\/uploads\/2019\/01\/Dossier-Interdep-TeamGym-PROVISOIRE.pdf\">Interd\u00e9partementaleTeamGym 75\/78\/91\/94<\/a><\/p>\n<p><strong>R\u00e9sultats :<\/strong><br \/>\n<img loading=\"lazy\" decoding=\"async\" class=\"alignnone size-medium wp-image-2576\" src=\"http:\/\/gcmennecy.fr\/wp-content\/uploads\/2019\/01\/teamgy-190119-1-300x199.jpg\" alt=\"\" width=\"300\" height=\"199\" srcset=\"https:\/\/gcmennecy.fr\/wp-content\/uploads\/2019\/01\/teamgy-190119-1-300x199.jpg 300w, https:\/\/gcmennecy.fr\/wp-content\/uploads\/2019\/01\/teamgy-190119-1-768x510.jpg 768w, https:\/\/gcmennecy.fr\/wp-content\/uploads\/2019\/01\/teamgy-190119-1-1024x680.jpg 1024w, https:\/\/gcmennecy.fr\/wp-content\/uploads\/2019\/01\/teamgy-190119-1.jpg 2048w\" sizes=\"auto, (max-width: 300px) 100vw, 300px\" \/><br \/>\nEquipe F\u00e9minine D\u00e9tente : 2\u00e8me\/4<br \/>\nEquipe F\u00e9minine D\u00e9couverte\/Evolution : 3\u00e8me\/8<br \/>\n<em> <a href=\"http:\/\/gcmennecy.fr\/wp-content\/uploads\/2019\/01\/Palmares-Interdep-Teamgym-Etampes.pdf\">Palmares Interdep Teamgym Etampes<\/a><\/em><\/p>\n<p><strong>6 avril 2019 &#8211; Neuilly sur Marne &#8211; Festigym Ile de France:<\/strong><br \/>\n<a href=\"http:\/\/gcmennecy.fr\/wp-content\/uploads\/2019\/03\/Dossier-club-Comp\u00e9tition-R\u00e9gionale-TeamGym.pdf\">Organigramme Comp\u00e9tition R\u00e9gionale TeamGym<\/a><br \/>\nEquipe F\u00e9minine D\u00e9tente : 3\u00e8me\/8 &#8211; <a href=\"http:\/\/gcmennecy.fr\/wp-content\/uploads\/2019\/04\/D\u00e9tente-F\u00e9minine.pdf\">Palmar\u00e8s D\u00e9tente<\/a><\/p>\n<p><img loading=\"lazy\" decoding=\"async\" class=\"alignnone size-medium wp-image-2785\" src=\"http:\/\/gcmennecy.fr\/wp-content\/uploads\/2019\/04\/coupe-m\u00e9daille-300x169.jpg\" alt=\"\" width=\"300\" height=\"169\" srcset=\"https:\/\/gcmennecy.fr\/wp-content\/uploads\/2019\/04\/coupe-m\u00e9daille-300x169.jpg 300w, https:\/\/gcmennecy.fr\/wp-content\/uploads\/2019\/04\/coupe-m\u00e9daille-768x434.jpg 768w, https:\/\/gcmennecy.fr\/wp-content\/uploads\/2019\/04\/coupe-m\u00e9daille.jpg 960w\" sizes=\"auto, (max-width: 300px) 100vw, 300px\" \/> <img loading=\"lazy\" decoding=\"async\" class=\"alignnone size-medium wp-image-2786\" src=\"http:\/\/gcmennecy.fr\/wp-content\/uploads\/2019\/04\/DETENTE-300x225.jpg\" alt=\"\" width=\"300\" height=\"225\" srcset=\"https:\/\/gcmennecy.fr\/wp-content\/uploads\/2019\/04\/DETENTE-300x225.jpg 300w, https:\/\/gcmennecy.fr\/wp-content\/uploads\/2019\/04\/DETENTE-768x576.jpg 768w, https:\/\/gcmennecy.fr\/wp-content\/uploads\/2019\/04\/DETENTE-1024x768.jpg 1024w, https:\/\/gcmennecy.fr\/wp-content\/uploads\/2019\/04\/DETENTE.jpg 1600w\" sizes=\"auto, (max-width: 300px) 100vw, 300px\" \/><br \/>\nEquipe F\u00e9minine D\u00e9couverte\/Evolution : 4\u00e8me\/12 &#8211; <a href=\"http:\/\/gcmennecy.fr\/wp-content\/uploads\/2019\/04\/Evolution-F\u00e9minine.pdf\">Palmar\u00e8s Evolution\u00a0<\/a><\/p>\n<p><img loading=\"lazy\" decoding=\"async\" class=\"alignnone size-medium wp-image-2787\" src=\"http:\/\/gcmennecy.fr\/wp-content\/uploads\/2019\/04\/EVOLUTION-300x242.jpg\" alt=\"\" width=\"300\" height=\"242\" srcset=\"https:\/\/gcmennecy.fr\/wp-content\/uploads\/2019\/04\/EVOLUTION-300x242.jpg 300w, https:\/\/gcmennecy.fr\/wp-content\/uploads\/2019\/04\/EVOLUTION-768x620.jpg 768w, https:\/\/gcmennecy.fr\/wp-content\/uploads\/2019\/04\/EVOLUTION-1024x826.jpg 1024w, https:\/\/gcmennecy.fr\/wp-content\/uploads\/2019\/04\/EVOLUTION.jpg 1182w\" sizes=\"auto, (max-width: 300px) 100vw, 300px\" \/><\/p>\n<p><strong>17, 18 et 19 mai 2019 : Cognac &#8211; Festigym National :<\/strong><br \/>\nle 17\/05 pour les \u00e9quipes Evolution et le 18\/05 pour les \u00e9quipes D\u00e9tente.<br \/>\n<a href=\"http:\/\/gcmennecy.fr\/wp-content\/uploads\/2019\/05\/1-MAJ-Organigramme-vendredi-TMG-Evolution-V2.pdf\">Organigramme-vendredi-TMG Evolution<\/a><br \/>\n<a href=\"http:\/\/gcmennecy.fr\/wp-content\/uploads\/2019\/05\/2-MAJ-Organigramme-samedi-GAC-TMG-Detente-Passion-V2.pdf\">Organigramme-samedi-TMG Detente<\/a><\/p>\n<p><img loading=\"lazy\" decoding=\"async\" class=\"size-medium wp-image-2874 alignleft\" src=\"http:\/\/gcmennecy.fr\/wp-content\/uploads\/2019\/05\/Affiche-Festigym-2019-Cognac-212x300.png\" alt=\"\" width=\"212\" height=\"300\" srcset=\"https:\/\/gcmennecy.fr\/wp-content\/uploads\/2019\/05\/Affiche-Festigym-2019-Cognac-212x300.png 212w, https:\/\/gcmennecy.fr\/wp-content\/uploads\/2019\/05\/Affiche-Festigym-2019-Cognac.png 635w\" sizes=\"auto, (max-width: 212px) 100vw, 212px\" \/><\/p>\n","protected":false},"excerpt":{"rendered":"<p>Vous trouverez ci-dessous le calendrier des \u00e9v\u00e9nements TeamGym de la saison 2018\/2019 : 20 janvier 2019 &#8211; Etampes :\u00a0Interd\u00e9partementaleTeamGym 75\/78\/91\/94 R\u00e9sultats : Equipe F\u00e9minine D\u00e9tente : 2\u00e8me\/4 Equipe F\u00e9minine D\u00e9couverte\/Evolution &#8230;<\/p>\n","protected":false},"author":1,"featured_media":0,"parent":1609,"menu_order":1,"comment_status":"closed","ping_status":"closed","template":"","meta":{"footnotes":""},"class_list":["post-2469","page","type-page","status-publish","hentry"],"jetpack_sharing_enabled":true,"jetpack_shortlink":"https:\/\/wp.me\/P8Uk5b-DP","_links":{"self":[{"href":"https:\/\/www.gcmennecy.fr\/index.php\/wp-json\/wp\/v2\/pages\/2469","targetHints":{"allow":["GET"]}}],"collection":[{"href":"https:\/\/www.gcmennecy.fr\/index.php\/wp-json\/wp\/v2\/pages"}],"about":[{"href":"https:\/\/www.gcmennecy.fr\/index.php\/wp-json\/wp\/v2\/types\/page"}],"author":[{"embeddable":true,"href":"https:\/\/www.gcmennecy.fr\/index.php\/wp-json\/wp\/v2\/users\/1"}],"replies":[{"embeddable":true,"href":"https:\/\/www.gcmennecy.fr\/index.php\/wp-json\/wp\/v2\/comments?post=2469"}],"version-history":[{"count":16,"href":"https:\/\/www.gcmennecy.fr\/index.php\/wp-json\/wp\/v2\/pages\/2469\/revisions"}],"predecessor-version":[{"id":2875,"href":"https:\/\/www.gcmennecy.fr\/index.php\/wp-json\/wp\/v2\/pages\/2469\/revisions\/2875"}],"up":[{"embeddable":true,"href":"https:\/\/www.gcmennecy.fr\/index.php\/wp-json\/wp\/v2\/pages\/1609"}],"wp:attachment":[{"href":"https:\/\/www.gcmennecy.fr\/index.php\/wp-json\/wp\/v2\/media?parent=2469"}],"curies":[{"name":"wp","href":"https:\/\/api.w.org\/{rel}","templated":true}]}}