{"id":2457,"date":"2018-11-27T00:47:45","date_gmt":"2018-11-26T23:47:45","guid":{"rendered":"http:\/\/www.gcmennecy.fr\/?page_id=2457"},"modified":"2019-05-13T00:36:09","modified_gmt":"2019-05-12T22:36:09","slug":"calendrier-competitif-et-organigrammes-2018-2019","status":"publish","type":"page","link":"https:\/\/www.gcmennecy.fr\/index.php\/les-resultats\/gymnastique-artistique-feminine-gaf\/calendrier-competitif-et-organigrammes-2018-2019\/","title":{"rendered":"Calendrier Comp\u00e9titif et Organigrammes 2018\/2019"},"content":{"rendered":"<p>Vous trouverez ici les <strong>dates des comp\u00e9titions<\/strong> \u00e0 venir, <strong>les organigrammes<\/strong>, ainsi que le tableau synoptique des cat\u00e9gories.<\/p>\n<p><span style=\"color: #0000ff;\"><strong>Calendrier comp\u00e9titif GAF (Gymnastique aux Agr\u00e8s F\u00e9minines):<\/strong><\/span><br \/>\n<a href=\"http:\/\/gcmennecy.fr\/wp-content\/uploads\/2019\/03\/Calendrier_GAF_91_2018_2019_Version_Janvier.pdf\">Calendrier_GAF_91_2018_2019_Version 23 Janvier 2019<\/a><\/p>\n<p><span style=\"color: #0000ff;\"><strong>Organigrammes des comp\u00e9titions :<\/strong><\/span><br \/>\n<span style=\"color: #339966;\"><strong>D\u00e9partementales :<\/strong><\/span><br \/>\n15 et 16\/12\/18 &#8211;\u00a0<a href=\"http:\/\/gcmennecy.fr\/wp-content\/uploads\/2018\/11\/Organigramme-Morsang-sur-Orge.pdf\">Organigramme Morsang sur Orge &#8211; Indiv (Nat+Perf+Fed A)<\/a><br \/>\n02 et 03\/02\/19 &#8211;\u00a0<a href=\"http:\/\/gcmennecy.fr\/wp-content\/uploads\/2019\/02\/Organigramme-Morsang-2-et-3-f\u00e9vrier-2019-Dpt-Equipes-Perf-Fed-A.pdf\">Organigramme Morsang sur Orge &#8211; Equipes Perf + Fed A<\/a><br \/>\n17\/03\/19 &#8211;\u00a0<a href=\"http:\/\/gcmennecy.fr\/wp-content\/uploads\/2019\/03\/Organigramme-DPT-EQUIPES-Massy-17-Mars-2019.pdf\">Organigramme Massy &#8211; Equipes Fed A Troph\u00e9e R\u00e9gional<\/a><br \/>\n30 et 31\/03\/19 &#8211; <a href=\"http:\/\/gcmennecy.fr\/wp-content\/uploads\/2019\/03\/DPT-Equipes-Fed-B-Boussy-30-31-Mars-2019-1.pdf\">Organigramme Boussy &#8211; Equipes Fed B<\/a><br \/>\n26\/05\/19 &#8211;<a href=\"http:\/\/gcmennecy.fr\/wp-content\/uploads\/2019\/05\/grille-finale-d\u00e9partementale-du-26-mai-2019-\u00e0-Bures_au-21-avril.pdf\">Organigramme Bures sur Yvette &#8211; FINALE Equipes Fed A Troph\u00e9e R\u00e9gional + Fed B<\/a><\/p>\n<p><strong><span style=\"color: #800080;\">Interd\u00e9partementales :<\/span><\/strong><br \/>\n16 et 17\/02\/19 &#8211;\u00a0<a href=\"http:\/\/gcmennecy.fr\/wp-content\/uploads\/2019\/02\/Blanc-Mesnil-Interdep-Indiv-16-et-17-F\u00e9vrier-2019.pdf\">Organigramme Blanc Mesnil &#8211; Indiv (Nat+Perf+Fed A)<\/a><br \/>\n13 et 14\/04\/19 &#8211;\u00a0 <a href=\"http:\/\/gcmennecy.fr\/wp-content\/uploads\/2019\/04\/saint-prix.pdf\">Organigramme Saint-Prix &#8211; Equipes Fed A Troph\u00e9e F\u00e9d\u00e9ral<\/a><br \/>\n12\/05\/19 &#8211; <a href=\"http:\/\/gcmennecy.fr\/wp-content\/uploads\/2019\/05\/pontault.pdf\">Organigramme Pontault-Combault &#8211; FINALE &#8211; Equipes Fed A Troph\u00e9e F\u00e9d\u00e9ral 10-13 ans et 10 ans et +<\/a><br \/>\n01 et 02\/06\/19 &#8211; <a href=\"http:\/\/gcmennecy.fr\/wp-content\/uploads\/2019\/05\/courcouronnes.pdf\">Organigramme Courcouronnes &#8211; FINALE &#8211; Equipe Fed B Poussines 7-9 ans<\/a><br \/>\n08 et 09\/06\/19 &#8211; <a href=\"http:\/\/gcmennecy.fr\/wp-content\/uploads\/2019\/05\/melun.pdf\">Organigramme Melun &#8211; FINALE &#8211; Equipe Fed B 10-13 ans<\/a><\/p>\n<p><strong><span style=\"color: #ff6600;\">R\u00e9gionales :<\/span><\/strong><br \/>\n06 et 07\/04\/19 &#8211; <a href=\"http:\/\/gcmennecy.fr\/wp-content\/uploads\/2019\/04\/combs-Organigramme.pdf\">Organigramme Combs la Ville &#8211; Indiv (Nat+Perf)<\/a><br \/>\n18\/05\/19 : <a href=\"http:\/\/gcmennecy.fr\/wp-content\/uploads\/2019\/05\/herblay.pdf\">Organigramme Herblay &#8211; 1\/2 FINALE CDF &#8211; Equipe Fed A Troph\u00e9e F\u00e9d\u00e9ral 10-11 ans\u00a0<\/a><\/p>\n<p><span style=\"color: #0000ff;\"><strong>Tableau synoptique:<\/strong><\/span><br \/>\n<a href=\"http:\/\/gcmennecy.fr\/wp-content\/uploads\/2018\/11\/tableau_synoptique_gaf_2018_2019.pdf\">tableau_synoptique_gaf_2018_2019<\/a><\/p>\n","protected":false},"excerpt":{"rendered":"<p>Vous trouverez ici les dates des comp\u00e9titions \u00e0 venir, les organigrammes, ainsi que le tableau synoptique des cat\u00e9gories. Calendrier comp\u00e9titif GAF (Gymnastique aux Agr\u00e8s F\u00e9minines): Calendrier_GAF_91_2018_2019_Version 23 Janvier 2019 Organigrammes &#8230;<\/p>\n","protected":false},"author":1,"featured_media":2859,"parent":1589,"menu_order":1,"comment_status":"closed","ping_status":"closed","template":"","meta":{"footnotes":""},"class_list":["post-2457","page","type-page","status-publish","has-post-thumbnail","hentry"],"jetpack_sharing_enabled":true,"jetpack_shortlink":"https:\/\/wp.me\/P8Uk5b-DD","_links":{"self":[{"href":"https:\/\/www.gcmennecy.fr\/index.php\/wp-json\/wp\/v2\/pages\/2457","targetHints":{"allow":["GET"]}}],"collection":[{"href":"https:\/\/www.gcmennecy.fr\/index.php\/wp-json\/wp\/v2\/pages"}],"about":[{"href":"https:\/\/www.gcmennecy.fr\/index.php\/wp-json\/wp\/v2\/types\/page"}],"author":[{"embeddable":true,"href":"https:\/\/www.gcmennecy.fr\/index.php\/wp-json\/wp\/v2\/users\/1"}],"replies":[{"embeddable":true,"href":"https:\/\/www.gcmennecy.fr\/index.php\/wp-json\/wp\/v2\/comments?post=2457"}],"version-history":[{"count":20,"href":"https:\/\/www.gcmennecy.fr\/index.php\/wp-json\/wp\/v2\/pages\/2457\/revisions"}],"predecessor-version":[{"id":2887,"href":"https:\/\/www.gcmennecy.fr\/index.php\/wp-json\/wp\/v2\/pages\/2457\/revisions\/2887"}],"up":[{"embeddable":true,"href":"https:\/\/www.gcmennecy.fr\/index.php\/wp-json\/wp\/v2\/pages\/1589"}],"wp:featuredmedia":[{"embeddable":true,"href":"https:\/\/www.gcmennecy.fr\/index.php\/wp-json\/wp\/v2\/media\/2859"}],"wp:attachment":[{"href":"https:\/\/www.gcmennecy.fr\/index.php\/wp-json\/wp\/v2\/media?parent=2457"}],"curies":[{"name":"wp","href":"https:\/\/api.w.org\/{rel}","templated":true}]}}