{"id":2213,"date":"2018-07-11T01:55:09","date_gmt":"2018-07-10T23:55:09","guid":{"rendered":"http:\/\/www.gcmennecy.fr\/?page_id=2213"},"modified":"2018-07-11T01:57:16","modified_gmt":"2018-07-10T23:57:16","slug":"resultats-festichallengeclub-23-06-18","status":"publish","type":"page","link":"https:\/\/www.gcmennecy.fr\/index.php\/les-resultats\/gymnastique-artistique-feminine-gaf\/resultats-festichallengeclub-23-06-18\/","title":{"rendered":"&#8211; R\u00e9sultats FestiChallengeClub 23\/06\/18"},"content":{"rendered":"<p>Vous trouverez ci-dessous les <strong>palmar\u00e8s du FestiChallengeClub du 23\/06 dernier :<\/strong><\/p>\n<p><a href=\"http:\/\/gcmennecy.fr\/wp-content\/uploads\/2018\/07\/PALMARES-FED-B-8-9-ans.pdf\">PALMARES FED B 8-9 ans<\/a><\/p>\n<p><a href=\"http:\/\/gcmennecy.fr\/wp-content\/uploads\/2018\/07\/PALMARES-FED-B-10-11-ans.pdf\">PALMARES FED B 10-11 ans<\/a><\/p>\n<p><a href=\"http:\/\/gcmennecy.fr\/wp-content\/uploads\/2018\/07\/PALMARES-FED-B-.pdf\">PALMARES FED B +<\/a><\/p>\n<p><a href=\"http:\/\/gcmennecy.fr\/wp-content\/uploads\/2018\/07\/PALMARES-FED-2006.pdf\">PALMARES FED 2006<\/a><\/p>\n<p><span style=\"color: #008000;\"><strong>Bravo \u00e0 toutes nos gymnastes.<\/strong><\/span> Nous esp\u00e9rons que cette 1\u00e8re \u00e9dition de notre FestiChallengeClub vous a plu.<\/p>\n","protected":false},"excerpt":{"rendered":"<p>Vous trouverez ci-dessous les palmar\u00e8s du FestiChallengeClub du 23\/06 dernier : PALMARES FED B 8-9 ans PALMARES FED B 10-11 ans PALMARES FED B + PALMARES FED 2006 Bravo \u00e0 &#8230;<\/p>\n","protected":false},"author":1,"featured_media":0,"parent":1589,"menu_order":0,"comment_status":"closed","ping_status":"closed","template":"","meta":{"footnotes":""},"class_list":["post-2213","page","type-page","status-publish","hentry"],"jetpack_sharing_enabled":true,"jetpack_shortlink":"https:\/\/wp.me\/P8Uk5b-zH","_links":{"self":[{"href":"https:\/\/www.gcmennecy.fr\/index.php\/wp-json\/wp\/v2\/pages\/2213","targetHints":{"allow":["GET"]}}],"collection":[{"href":"https:\/\/www.gcmennecy.fr\/index.php\/wp-json\/wp\/v2\/pages"}],"about":[{"href":"https:\/\/www.gcmennecy.fr\/index.php\/wp-json\/wp\/v2\/types\/page"}],"author":[{"embeddable":true,"href":"https:\/\/www.gcmennecy.fr\/index.php\/wp-json\/wp\/v2\/users\/1"}],"replies":[{"embeddable":true,"href":"https:\/\/www.gcmennecy.fr\/index.php\/wp-json\/wp\/v2\/comments?post=2213"}],"version-history":[{"count":1,"href":"https:\/\/www.gcmennecy.fr\/index.php\/wp-json\/wp\/v2\/pages\/2213\/revisions"}],"predecessor-version":[{"id":2214,"href":"https:\/\/www.gcmennecy.fr\/index.php\/wp-json\/wp\/v2\/pages\/2213\/revisions\/2214"}],"up":[{"embeddable":true,"href":"https:\/\/www.gcmennecy.fr\/index.php\/wp-json\/wp\/v2\/pages\/1589"}],"wp:attachment":[{"href":"https:\/\/www.gcmennecy.fr\/index.php\/wp-json\/wp\/v2\/media?parent=2213"}],"curies":[{"name":"wp","href":"https:\/\/api.w.org\/{rel}","templated":true}]}}