{"id":1868,"date":"2018-03-05T21:40:21","date_gmt":"2018-03-05T20:40:21","guid":{"rendered":"http:\/\/www.gcmennecy.fr\/?page_id=1868"},"modified":"2018-11-27T01:07:29","modified_gmt":"2018-11-27T00:07:29","slug":"resultats-competitions-teamgym","status":"publish","type":"page","link":"https:\/\/www.gcmennecy.fr\/index.php\/les-resultats\/teamgym-team\/resultats-competitions-teamgym\/","title":{"rendered":"R\u00e9sultats Comp\u00e9titions TEAMGYM 2017\/2018"},"content":{"rendered":"<p><span style=\"color: #008000;\"><strong>C&rsquo;est la 1\u00e8re ann\u00e9e que notre Club propose la TEAMGYM et nous nous sommes d\u00e9j\u00e0 brillamment illustr\u00e9s en comp\u00e9titions :<\/strong><\/span><\/p>\n<p><span style=\"color: #ff6600;\">\u00a0<\/span>Nous avons remport\u00e9 la <strong><span style=\"color: #008000;\">1\u00e8re place<\/span> pour notre participation a<span style=\"color: #000000;\">u\u00a0<span style=\"color: #008000;\">Championnat Interd\u00e9partemental<\/span> 75\/78\/91\/94<\/span><\/strong><span style=\"color: #000000;\"> en <strong>Cat\u00e9gorie D\u00e9tente F\u00e9minine<\/strong> \u00e0 Etampes le 20\/01\/18.<\/span><br \/>\n<a href=\"http:\/\/gcmennecy.fr\/wp-content\/uploads\/2018\/03\/palmares.pdf\">Palmares Interdep Teamgym<\/a>\u00a0: 1\u00e8res\/2<\/p>\n<p>Puis nous nous sommes class\u00e9es <strong><span style=\"color: #008000;\">3\u00e8mes<\/span> pour notre participation au <span style=\"color: #008000;\">FestiGym ILE DE FRANCE<\/span><\/strong> \u00e0 Neuilly-sur-Marne le 10\/03\/18.<br \/>\n<a href=\"http:\/\/gcmennecy.fr\/wp-content\/uploads\/2018\/03\/Palmar\u00e8s-FestiGym-IDF.pdf\">Palmar\u00e8s FestiGym IDF<\/a>\u00a0: 3\u00e8mes\/5<\/p>\n<p style=\"text-align: center;\">Cette participation nous a ouvert la voie vers une\u00a0<em><strong><span style=\"color: #000000;\">QUALIFICATION<\/span><\/strong> pour les <span style=\"color: #0000ff;\"><strong>CHAMPIONNATS<\/strong><\/span> <strong>DE<\/strong> <strong><span style=\"color: #ff0000;\">FRANCE<\/span><\/strong><\/em><br \/>\nqui se sont tenus le 12 Mai au Vend\u00e9space de Mouilleron-le-Captif en Vend\u00e9e !<\/p>\n<p>Et quelle qualification!!!\u00a0 puisque avons match\u00e9 dans\u00a0le <span style=\"color: #008000;\"><strong>TOP 7 <\/strong><span style=\"color: #000000;\">\u00e0 savoir une\u00a0<\/span><\/span><span style=\"color: #000000;\">c<\/span>omp\u00e9tition entre les 24 meilleurs \u00e9quipes fran\u00e7aises\u00a0 = les 3 meilleures \u00e9quipes de chacune des 8 zones (anciennement 7 zones, d&rsquo;o\u00f9 le nom TOP7)!<\/p>\n<p><img loading=\"lazy\" decoding=\"async\" class=\"wp-image-1646 size-medium alignnone\" src=\"http:\/\/gcmennecy.fr\/wp-content\/uploads\/2018\/01\/20180121_124232-300x225.jpg\" alt=\"\" width=\"300\" height=\"225\" \/><img loading=\"lazy\" decoding=\"async\" class=\"size-medium wp-image-1883 alignright\" src=\"http:\/\/gcmennecy.fr\/wp-content\/uploads\/2018\/03\/20180310_210739-225x300.jpg\" alt=\"\" width=\"225\" height=\"300\" srcset=\"https:\/\/gcmennecy.fr\/wp-content\/uploads\/2018\/03\/20180310_210739-225x300.jpg 225w, https:\/\/gcmennecy.fr\/wp-content\/uploads\/2018\/03\/20180310_210739-768x1024.jpg 768w\" sizes=\"auto, (max-width: 225px) 100vw, 225px\" \/><\/p>\n<p>&nbsp;<\/p>\n<p><img loading=\"lazy\" decoding=\"async\" class=\"alignnone size-medium wp-image-2140\" src=\"http:\/\/gcmennecy.fr\/wp-content\/uploads\/2018\/05\/20180512_120607-300x225.jpg\" alt=\"\" width=\"300\" height=\"225\" srcset=\"https:\/\/gcmennecy.fr\/wp-content\/uploads\/2018\/05\/20180512_120607-300x225.jpg 300w, https:\/\/gcmennecy.fr\/wp-content\/uploads\/2018\/05\/20180512_120607-768x576.jpg 768w, https:\/\/gcmennecy.fr\/wp-content\/uploads\/2018\/05\/20180512_120607-1024x768.jpg 1024w\" sizes=\"auto, (max-width: 300px) 100vw, 300px\" \/> <img loading=\"lazy\" decoding=\"async\" class=\"size-medium wp-image-2141 aligncenter\" src=\"http:\/\/gcmennecy.fr\/wp-content\/uploads\/2018\/05\/20180512_150858-300x225.jpg\" alt=\"\" width=\"300\" height=\"225\" srcset=\"https:\/\/gcmennecy.fr\/wp-content\/uploads\/2018\/05\/20180512_150858-300x225.jpg 300w, https:\/\/gcmennecy.fr\/wp-content\/uploads\/2018\/05\/20180512_150858-768x576.jpg 768w, https:\/\/gcmennecy.fr\/wp-content\/uploads\/2018\/05\/20180512_150858-1024x768.jpg 1024w\" sizes=\"auto, (max-width: 300px) 100vw, 300px\" \/><\/p>\n<p><img loading=\"lazy\" decoding=\"async\" class=\"size-medium wp-image-2142 alignright\" src=\"http:\/\/gcmennecy.fr\/wp-content\/uploads\/2018\/05\/FB_IMG_1526254300254-300x225.jpg\" alt=\"\" width=\"300\" height=\"225\" srcset=\"https:\/\/gcmennecy.fr\/wp-content\/uploads\/2018\/05\/FB_IMG_1526254300254-300x225.jpg 300w, https:\/\/gcmennecy.fr\/wp-content\/uploads\/2018\/05\/FB_IMG_1526254300254.jpg 720w\" sizes=\"auto, (max-width: 300px) 100vw, 300px\" \/><\/p>\n<p><span style=\"color: #ff0000;\"><strong>Notre \u00e9quipe a termin\u00e9 19\u00e8me \/ 23 \u00e9quipes TOP 7 (+ 13 \u00e9quipes hors TOP7) soit 36 \u00e9quipes engag\u00e9es en Cat\u00e9gorie D\u00e9tente F\u00e9minine.<\/strong><\/span><br \/>\n<a href=\"http:\/\/gcmennecy.fr\/wp-content\/uploads\/2018\/05\/TEA_DETENTE-FEMININ-TOP7.pdf\">Palmar\u00e8s Championnats de France Teamgym DETENTE FEMININE TOP7<\/a><\/p>\n<p>Ceci nous promet plein de belles choses pour la saison prochaine&#8230; car il s&rsquo;agissait d&rsquo;une ann\u00e9e de rodage!<\/p>\n<p style=\"text-align: center;\"><span style=\"color: #0000ff;\"><strong>Alors,\u00a0<\/strong><\/span><span style=\"color: #0000ff;\"><strong>\u00a0pr\u00eat(e)s \u00e0 venir re<\/strong><\/span><span style=\"color: #0000ff;\"><strong>joindre l&rsquo;EQUIPE TEAMGYM MENNECY?<\/strong><\/span><\/p>\n<p><img loading=\"lazy\" decoding=\"async\" class=\"wp-image-2137 aligncenter\" src=\"http:\/\/gcmennecy.fr\/wp-content\/uploads\/2018\/05\/logo-team-300x169.jpg\" alt=\"\" width=\"208\" height=\"118\" srcset=\"https:\/\/gcmennecy.fr\/wp-content\/uploads\/2018\/05\/logo-team-300x169.jpg 300w, https:\/\/gcmennecy.fr\/wp-content\/uploads\/2018\/05\/logo-team.jpg 640w\" sizes=\"auto, (max-width: 208px) 100vw, 208px\" \/><\/p>\n<p style=\"text-align: left;\"><img loading=\"lazy\" decoding=\"async\" class=\"wp-image-2136 aligncenter\" src=\"http:\/\/gcmennecy.fr\/wp-content\/uploads\/2018\/05\/CDF-Team-300x245.jpg\" alt=\"\" width=\"380\" height=\"310\" srcset=\"https:\/\/gcmennecy.fr\/wp-content\/uploads\/2018\/05\/CDF-Team-300x245.jpg 300w, https:\/\/gcmennecy.fr\/wp-content\/uploads\/2018\/05\/CDF-Team-768x628.jpg 768w, https:\/\/gcmennecy.fr\/wp-content\/uploads\/2018\/05\/CDF-Team-1024x837.jpg 1024w\" sizes=\"auto, (max-width: 380px) 100vw, 380px\" \/><\/p>\n<p>&nbsp;<\/p>\n","protected":false},"excerpt":{"rendered":"<p>C&rsquo;est la 1\u00e8re ann\u00e9e que notre Club propose la TEAMGYM et nous nous sommes d\u00e9j\u00e0 brillamment illustr\u00e9s en comp\u00e9titions : \u00a0Nous avons remport\u00e9 la 1\u00e8re place pour notre participation au\u00a0Championnat &#8230;<\/p>\n","protected":false},"author":1,"featured_media":2136,"parent":1609,"menu_order":0,"comment_status":"closed","ping_status":"closed","template":"","meta":{"footnotes":""},"class_list":["post-1868","page","type-page","status-publish","has-post-thumbnail","hentry"],"jetpack_sharing_enabled":true,"jetpack_shortlink":"https:\/\/wp.me\/P8Uk5b-u8","_links":{"self":[{"href":"https:\/\/www.gcmennecy.fr\/index.php\/wp-json\/wp\/v2\/pages\/1868","targetHints":{"allow":["GET"]}}],"collection":[{"href":"https:\/\/www.gcmennecy.fr\/index.php\/wp-json\/wp\/v2\/pages"}],"about":[{"href":"https:\/\/www.gcmennecy.fr\/index.php\/wp-json\/wp\/v2\/types\/page"}],"author":[{"embeddable":true,"href":"https:\/\/www.gcmennecy.fr\/index.php\/wp-json\/wp\/v2\/users\/1"}],"replies":[{"embeddable":true,"href":"https:\/\/www.gcmennecy.fr\/index.php\/wp-json\/wp\/v2\/comments?post=1868"}],"version-history":[{"count":30,"href":"https:\/\/www.gcmennecy.fr\/index.php\/wp-json\/wp\/v2\/pages\/1868\/revisions"}],"predecessor-version":[{"id":2468,"href":"https:\/\/www.gcmennecy.fr\/index.php\/wp-json\/wp\/v2\/pages\/1868\/revisions\/2468"}],"up":[{"embeddable":true,"href":"https:\/\/www.gcmennecy.fr\/index.php\/wp-json\/wp\/v2\/pages\/1609"}],"wp:featuredmedia":[{"embeddable":true,"href":"https:\/\/www.gcmennecy.fr\/index.php\/wp-json\/wp\/v2\/media\/2136"}],"wp:attachment":[{"href":"https:\/\/www.gcmennecy.fr\/index.php\/wp-json\/wp\/v2\/media?parent=1868"}],"curies":[{"name":"wp","href":"https:\/\/api.w.org\/{rel}","templated":true}]}}