{"id":1554,"date":"2018-05-01T19:30:17","date_gmt":"2018-05-01T17:30:17","guid":{"rendered":"http:\/\/www.gcmennecy.fr\/?page_id=1554"},"modified":"2018-07-11T02:46:14","modified_gmt":"2018-07-11T00:46:14","slug":"resultats-2017-2018","status":"publish","type":"page","link":"https:\/\/www.gcmennecy.fr\/index.php\/les-resultats\/gymnastique-artistique-feminine-gaf\/resultats-2017-2018\/","title":{"rendered":"&#8211; R\u00e9sultats 2017\/2018"},"content":{"rendered":"<p><span style=\"color: #0000ff;\"><strong>Morsang sur Orge \u2013 Samedi 16\/12 et Dimanche 17\/12\/17 \u2013 <em>D\u00e9partementales<\/em>\u00a0 \u2013 F\u00e9d\u00e9rales A 1er Tour :<\/strong><\/span><br \/>\n<a href=\"http:\/\/gcmennecy.fr\/wp-content\/uploads\/2018\/01\/Fed-A-10-et-.pdf\">Fed A 10 et +<\/a> : 6\u00e8mes\/15<br \/>\n<a href=\"http:\/\/gcmennecy.fr\/wp-content\/uploads\/2018\/01\/Fed-A-10-13-Poule-A.pdf\">Fed A 10-13 Poule A<\/a> : 10\u00e8mes\/12<br \/>\n<a href=\"http:\/\/gcmennecy.fr\/wp-content\/uploads\/2018\/01\/Fed-A-10-13-Poule-B.pdf\">Fed A 10-13 Poule B<\/a>: <strong>1\u00e8res<\/strong>\/12<br \/>\n<a href=\"http:\/\/gcmennecy.fr\/wp-content\/uploads\/2018\/01\/Fed-A-12-15-Poule-B.pdf\">Fed A 12-15 Poule B<\/a> : 10\u00e8mes\/10<\/p>\n<p><span style=\"color: #0000ff;\"><strong>Longjumeau \u2013 Samedi 27\/01 et Dimanche 28\/01 \/18 \u2013 <em>D\u00e9partementales<\/em> &#8211; F\u00e9d\u00e9rales A 2\u00e8me Tour \u2013 Performance :<\/strong><\/span><br \/>\n<a href=\"http:\/\/gcmennecy.fr\/wp-content\/uploads\/2018\/01\/F\u00e9d\u00e9rales-10-ans-et-.pdf\">F\u00e9d\u00e9rales 10 ans et +<\/a>:7\u00e8mes\/12<br \/>\n<a href=\"http:\/\/gcmennecy.fr\/wp-content\/uploads\/2018\/01\/F\u00e9d\u00e9rales-10-13.pdf\">F\u00e9d\u00e9rales 10-13 ans<\/a> : 14\u00e8mes\/21<br \/>\n<a href=\"http:\/\/gcmennecy.fr\/wp-content\/uploads\/2018\/01\/F\u00e9d\u00e9rales-12-15.pdf\">F\u00e9d\u00e9rales 12-15 ans<\/a>: 13\u00e8mes\/14<br \/>\n<a href=\"http:\/\/gcmennecy.fr\/wp-content\/uploads\/2018\/01\/Reg-8-9-ans.pdf\">Reg 8-9 ans<\/a> : <strong>3\u00e8mes<\/strong>\/4<br \/>\n<a href=\"http:\/\/gcmennecy.fr\/wp-content\/uploads\/2018\/01\/Nationales-10ans-et-.pdf\">Perf 10ans et +<\/a> : 7\u00e8mes\/11<\/p>\n<p><strong style=\"color: #0000ff; font-size: 1rem;\">Boussy Saint Antoine &#8211; Samedi 03\/02 et Dimanche 04\/02\/18 &#8211; <em>D\u00e9partementales<\/em> &#8211; F\u00e9d\u00e9rales B 1er Tour :<\/strong><br \/>\n<a href=\"http:\/\/gcmennecy.fr\/wp-content\/uploads\/2018\/01\/F\u00e9d\u00e9rales-B-7-9-ans-Poule-A.pdf\">F\u00e9d\u00e9rales B 7-9 ans Poule A<\/a>\u00a0:11\u00e8mes\/12<br \/>\n<a href=\"http:\/\/gcmennecy.fr\/wp-content\/uploads\/2018\/01\/F\u00e9d\u00e9rales-B-10-11-ans.pdf\">F\u00e9d\u00e9rales B 10-11 ans<\/a>\u00a0(2 Equipes) :4\u00e8mes et 5\u00e8mes\/16<br \/>\n<a href=\"http:\/\/gcmennecy.fr\/wp-content\/uploads\/2018\/01\/F\u00e9d\u00e9rales-B-10-13-ans-Poule-A.pdf\">F\u00e9d\u00e9rales B 10-13 ans Poule A<\/a>\u00a0(2 Equipes) : 6\u00e8mes et 9\u00e8mes\/11<br \/>\n<a href=\"http:\/\/gcmennecy.fr\/wp-content\/uploads\/2018\/01\/F\u00e9d\u00e9rales-B-10-13-ans-Poule-B.pdf\">F\u00e9d\u00e9rales B 10-13 ans Poule B<\/a>\u00a0: 9\u00e8mes\/11<br \/>\n<a href=\"http:\/\/gcmennecy.fr\/wp-content\/uploads\/2018\/01\/F\u00e9d\u00e9rales-B-10-ans-et-.pdf\">F\u00e9d\u00e9rales B 10 ans et +<\/a>\u00a0: 5\u00e8mes\/13<br \/>\n<a href=\"http:\/\/gcmennecy.fr\/wp-content\/uploads\/2018\/01\/F\u00e9d\u00e9rales-B-14-ans-et-.pdf\">F\u00e9d\u00e9rales B 14 ans et +<\/a>\u00a0:<strong>2\u00e8mes<\/strong>\/2<\/p>\n<p><strong><span style=\"color: #0000ff;\">Gif sur Yvette &#8211; Samedi 31\/03 et Dimanche 01\/04\/18 &#8211; <em>D\u00e9partementales &#8211; <\/em>F\u00e9d\u00e9rales B 2\u00e8me Tour :<\/span><\/strong><br \/>\n<a href=\"http:\/\/gcmennecy.fr\/wp-content\/uploads\/2018\/04\/fed-B-7_9.pdf\">fed B 7-9 ans<\/a> : 19\u00e8mes\/23<br \/>\n<a href=\"http:\/\/gcmennecy.fr\/wp-content\/uploads\/2018\/04\/fed-B-10-et-.pdf\">fed B 10 ans et +<\/a> : 6\u00e8mes\/13<br \/>\n<a href=\"http:\/\/gcmennecy.fr\/wp-content\/uploads\/2018\/04\/fed-B-10_11.pdf\">fed B 10-11 ans<\/a>\u00a0(2 Equipes) : 6\u00e8mes et 7\u00e8mes\/16<br \/>\n<a href=\"http:\/\/gcmennecy.fr\/wp-content\/uploads\/2018\/04\/fedB-10_13.pdf\">fedB 10-13 ans<\/a> (2 Equipes) : <strong>2\u00e8mes<\/strong> et 18\u00e8mes\/21<br \/>\n<a href=\"http:\/\/gcmennecy.fr\/wp-content\/uploads\/2018\/04\/fed-B-14-et-.pdf\">fed B 14 et +<\/a> : <strong>1\u00e8res<\/strong>\/2<\/p>\n<p><span style=\"color: #0000ff;\"><strong>Massy &#8211; Samedi 19\/05 &#8211; <em>D\u00e9partementales<\/em> &#8211; FINALE Fed A :<\/strong><\/span><br \/>\n<a href=\"http:\/\/gcmennecy.fr\/wp-content\/uploads\/2018\/05\/fed10_et_plus.pdf\">Fed A 10 ans et +<\/a>: <strong>1\u00e8res<\/strong>\/6, et <strong>Olivia 1\u00e8re\/25<\/strong> au classement individuel<br \/>\n<a href=\"http:\/\/gcmennecy.fr\/wp-content\/uploads\/2018\/05\/fed10_13-1.pdf\">Fed A 10-13 ans<\/a>: 5\u00e8mes\/15<\/p>\n<p><strong><span style=\"color: #0000ff;\">Igny &#8211; Dimanche 20\/05 &#8211; <em>D\u00e9partementales<\/em> &#8211; FINALE Fed B :<\/span><\/strong><br \/>\n<a href=\"http:\/\/gcmennecy.fr\/wp-content\/uploads\/2018\/05\/fed7_9.pdf\">Fed B 7-9 ans:<\/a> 9\u00e8mes\/9<br \/>\n<a href=\"http:\/\/gcmennecy.fr\/wp-content\/uploads\/2018\/05\/fed10_13-2.pdf\">Fed B 10-13 ans<\/a>: 5\u00e8mes\/5<\/p>\n<p><span style=\"color: #339966;\"><strong>Herblay &#8211; Samedi 10\/03 et Dimanche 11\/03\/18 &#8211; <em>Interd\u00e9partementales<\/em> &#8211;\u00a0<\/strong><strong>\u00a0Performance\u00a0 :<\/strong><\/span><br \/>\n<a href=\"http:\/\/gcmennecy.fr\/wp-content\/uploads\/2018\/03\/reg8-9-ans.pdf\">Reg8-9 ans<\/a>: 6\u00e8mes\/19<br \/>\n<a href=\"http:\/\/gcmennecy.fr\/wp-content\/uploads\/2018\/03\/nat10plus.pdf\">Perf 10 ans et +<\/a>: 27\u00e8mes\/27<\/p>\n<p><span style=\"color: #339966;\"><strong>Noisy le Sec &#8211; Samedi 17\/03 &#8211; <em>Interd\u00e9partementales<\/em> &#8211; Fed A\u00a0 :<\/strong><\/span><br \/>\n<a href=\"http:\/\/gcmennecy.fr\/wp-content\/uploads\/2018\/03\/Palmar\u00e8s-Noisy-le-Sec-17-18-Mars.pdf\">Fed A 10-13 ans<\/a>: 12\u00e8mes\/34<\/p>\n<p><span style=\"color: #339966;\"><strong>Vaires \/ Marne &#8211; Dimanche 06\/05 &#8211; <em>Interd\u00e9partementales<\/em> &#8211; Fed B &#8211; Finale A :<\/strong><\/span><br \/>\n<a href=\"http:\/\/gcmennecy.fr\/wp-content\/uploads\/2018\/05\/Palmar\u00e8s.pdf\">Fed B 10-13 ans Finale A<\/a>: 10\u00e8mes\/12 (page 17)<br \/>\n<a href=\"http:\/\/gcmennecy.fr\/wp-content\/uploads\/2018\/05\/Palmar\u00e8s.pdf\">Fed B 14 ans et + Finale A<\/a>: 6\u00e8mes\/11 (page 19)<\/p>\n<p><span style=\"color: #339966;\"><strong>Longjumeau &#8211; Dimanche 02\/06 &#8211; <em>Interd\u00e9partementales<\/em> &#8211; Fed B &#8211; Finale B :<\/strong><\/span><br \/>\n<a href=\"http:\/\/gcmennecy.fr\/wp-content\/uploads\/2018\/06\/fedb10_11_fin_B.pdf\">Fed B 10-11 ans Finale B:<\/a>\u00a0\u00a0(2 Equipes) : <strong>2\u00e8mes<\/strong> et 5\u00e8mes\/10\u00a0et <strong>Joana 2\u00e8me\/46<\/strong> au classement individuel<br \/>\n<a href=\"http:\/\/gcmennecy.fr\/wp-content\/uploads\/2018\/06\/fedb10_et_plus_fin_B.pdf\">Fed B 10 ans et + Finale B:<\/a> <strong>1\u00e8res<\/strong>\/10 avec <strong>Emma, Coralie et Elisa respectivement 1\u00e8re, 2\u00e8me et 3\u00e8me<\/strong>\u00a0<strong>\/39<\/strong> au classement individuel.<\/p>\n<p><span style=\"color: #ff6600;\"><strong>Goussainville &#8211; Samedi 07\/04 &#8211; <em>R\u00e9gionales<\/em> &#8211; Fed A\u00a0 :<\/strong><\/span><br \/>\n<a href=\"http:\/\/gcmennecy.fr\/wp-content\/uploads\/2018\/05\/fed10_13.pdf\">Fed A 10-13 ans<\/a>: 21\u00e8mes\/33<\/p>\n<p><span style=\"color: #ff6600;\"><strong>Chelles &#8211; Samedi 12 et Dimanche 13\/05 &#8211; <em>R\u00e9gionales<\/em> &#8211; FINALE Fed A :<\/strong><\/span><br \/>\n<a href=\"http:\/\/gcmennecy.fr\/wp-content\/uploads\/2018\/05\/fedaa10_13.pdf\">Fed A 10-13 ans<\/a>: 10\u00e8mes\/10<\/p>\n<p><span style=\"color: #ff6600;\"><strong>Massy &#8211; Dimanche 20\/05 &#8211; <em>R\u00e9gionales<\/em> &#8211; FINALE B Performance :<\/strong><\/span><br \/>\n<a href=\"http:\/\/gcmennecy.fr\/wp-content\/uploads\/2018\/05\/Perf-10-et-plus.pdf\">Perf 10 ans et +<\/a>: 11\u00e8mes\/14<\/p>\n<hr \/>\n<p style=\"text-align: center;\"><strong><span style=\"font-size: 1rem;\">RESULTATS COMPETITIONS INDIVIDUELLES :<\/span><\/strong><\/p>\n<p><span style=\"color: #339966;\"><strong>Bures sur Yvette &#8211; Dimanche 27\/05 &#8211; <em>Interd\u00e9partementales<\/em> &#8211; Libre 3 :<\/strong><\/span><br \/>\n<a href=\"http:\/\/gcmennecy.fr\/wp-content\/uploads\/2018\/05\/libre3_10ans.pdf\">libre3_10ans<\/a>: Nina 15\u00e8me \/ 23<br \/>\n<a href=\"http:\/\/gcmennecy.fr\/wp-content\/uploads\/2018\/05\/libre3_12ans.pdf\">libre3_12ans<\/a>: Lucie 14\u00e8me, Lucie 23\u00e8me, Marine 28\u00e8me \/ 32<br \/>\n<a href=\"http:\/\/gcmennecy.fr\/wp-content\/uploads\/2018\/05\/libre3_14ans.pdf\">libre3_14ans<\/a>: Emma 15\u00e8me, Chlo\u00e9 27\u00e8me \/ 28<br \/>\n<a href=\"http:\/\/gcmennecy.fr\/wp-content\/uploads\/2018\/05\/libre3_15ans.pdf\">libre3_15ans<\/a>: Chlo\u00e9 14\u00e8me, Marine 16\u00e8me \/ 20<\/p>\n<p><span style=\"color: #ff6600;\"><strong>Pontault-Combault &#8211; Samedi Dimanche 16-17\/06 &#8211; <em>R\u00e9gionales<\/em> &#8211; Libre 3 &#8211; 4 :<\/strong><\/span><br \/>\n<a href=\"http:\/\/gcmennecy.fr\/wp-content\/uploads\/2018\/07\/libre3_10ans.pdf\">libre3_10ans<\/a>: Nina<br \/>\n<a href=\"http:\/\/gcmennecy.fr\/wp-content\/uploads\/2018\/07\/libre3_12ans.pdf\">libre3_12ans<\/a>: Lucie, Marine et Lucie<br \/>\n<a href=\"http:\/\/gcmennecy.fr\/wp-content\/uploads\/2018\/07\/libre3_14ans.pdf\">libre3_14ans<\/a>: Emma et Chlo\u00e9<br \/>\n<a href=\"http:\/\/gcmennecy.fr\/wp-content\/uploads\/2018\/07\/libre3_15ans.pdf\">libre3_15ans<\/a>: Marine et Chlo\u00e9<br \/>\n<a href=\"http:\/\/gcmennecy.fr\/wp-content\/uploads\/2018\/07\/libre4_14ans.pdf\">libre4_14ans<\/a>: Olivia 9\u00e8me<br \/>\n<a href=\"http:\/\/gcmennecy.fr\/wp-content\/uploads\/2018\/07\/libre4_16ans.pdf\">libre4_16ans<\/a>: Ma\u00eblisse<\/p>\n<p>&nbsp;<\/p>\n","protected":false},"excerpt":{"rendered":"<p>Morsang sur Orge \u2013 Samedi 16\/12 et Dimanche 17\/12\/17 \u2013 D\u00e9partementales\u00a0 \u2013 F\u00e9d\u00e9rales A 1er Tour : Fed A 10 et + : 6\u00e8mes\/15 Fed A 10-13 Poule A : &#8230;<\/p>\n","protected":false},"author":1,"featured_media":0,"parent":1589,"menu_order":0,"comment_status":"closed","ping_status":"closed","template":"","meta":{"footnotes":""},"class_list":["post-1554","page","type-page","status-publish","hentry"],"jetpack_sharing_enabled":true,"jetpack_shortlink":"https:\/\/wp.me\/P8Uk5b-p4","_links":{"self":[{"href":"https:\/\/www.gcmennecy.fr\/index.php\/wp-json\/wp\/v2\/pages\/1554","targetHints":{"allow":["GET"]}}],"collection":[{"href":"https:\/\/www.gcmennecy.fr\/index.php\/wp-json\/wp\/v2\/pages"}],"about":[{"href":"https:\/\/www.gcmennecy.fr\/index.php\/wp-json\/wp\/v2\/types\/page"}],"author":[{"embeddable":true,"href":"https:\/\/www.gcmennecy.fr\/index.php\/wp-json\/wp\/v2\/users\/1"}],"replies":[{"embeddable":true,"href":"https:\/\/www.gcmennecy.fr\/index.php\/wp-json\/wp\/v2\/comments?post=1554"}],"version-history":[{"count":36,"href":"https:\/\/www.gcmennecy.fr\/index.php\/wp-json\/wp\/v2\/pages\/1554\/revisions"}],"predecessor-version":[{"id":2243,"href":"https:\/\/www.gcmennecy.fr\/index.php\/wp-json\/wp\/v2\/pages\/1554\/revisions\/2243"}],"up":[{"embeddable":true,"href":"https:\/\/www.gcmennecy.fr\/index.php\/wp-json\/wp\/v2\/pages\/1589"}],"wp:attachment":[{"href":"https:\/\/www.gcmennecy.fr\/index.php\/wp-json\/wp\/v2\/media?parent=1554"}],"curies":[{"name":"wp","href":"https:\/\/api.w.org\/{rel}","templated":true}]}}