{"id":1502,"date":"2018-01-25T01:09:38","date_gmt":"2018-01-25T00:09:38","guid":{"rendered":"http:\/\/www.gcmennecy.fr\/?page_id=1502"},"modified":"2023-02-10T20:59:24","modified_gmt":"2023-02-10T19:59:24","slug":"team-gym","status":"publish","type":"page","link":"https:\/\/www.gcmennecy.fr\/index.php\/les-sections\/team-gym\/","title":{"rendered":"TEAM GYM"},"content":{"rendered":"<p>La discipline TEAMGYM est propos\u00e9e au GCM depuis la 2017.<\/p>\n<p style=\"margin: 0cm; margin-bottom: .0001pt; background: white;\"><strong><span style=\"font-size: 10.5pt; font-family: 'Arial','sans-serif'; color: #333333;\"><img loading=\"lazy\" decoding=\"async\" class=\"alignnone size-medium wp-image-2229\" src=\"http:\/\/gcmennecy.fr\/wp-content\/uploads\/2018\/07\/2MC_4954-300x200.jpg\" alt=\"\" width=\"300\" height=\"200\" srcset=\"https:\/\/gcmennecy.fr\/wp-content\/uploads\/2018\/07\/2MC_4954-300x200.jpg 300w, https:\/\/gcmennecy.fr\/wp-content\/uploads\/2018\/07\/2MC_4954-768x511.jpg 768w, https:\/\/gcmennecy.fr\/wp-content\/uploads\/2018\/07\/2MC_4954-1024x681.jpg 1024w\" sizes=\"auto, (max-width: 300px) 100vw, 300px\" \/> <img loading=\"lazy\" decoding=\"async\" class=\"alignnone size-medium wp-image-2230\" src=\"http:\/\/gcmennecy.fr\/wp-content\/uploads\/2018\/07\/2MC_4995-200x300.jpg\" alt=\"\" width=\"200\" height=\"300\" srcset=\"https:\/\/gcmennecy.fr\/wp-content\/uploads\/2018\/07\/2MC_4995-200x300.jpg 200w, https:\/\/gcmennecy.fr\/wp-content\/uploads\/2018\/07\/2MC_4995-768x1155.jpg 768w, https:\/\/gcmennecy.fr\/wp-content\/uploads\/2018\/07\/2MC_4995-681x1024.jpg 681w\" sizes=\"auto, (max-width: 200px) 100vw, 200px\" \/> <img loading=\"lazy\" decoding=\"async\" class=\"alignnone size-medium wp-image-2231\" src=\"http:\/\/gcmennecy.fr\/wp-content\/uploads\/2018\/07\/2MC_4997-200x300.jpg\" alt=\"\" width=\"200\" height=\"300\" srcset=\"https:\/\/gcmennecy.fr\/wp-content\/uploads\/2018\/07\/2MC_4997-200x300.jpg 200w, https:\/\/gcmennecy.fr\/wp-content\/uploads\/2018\/07\/2MC_4997-768x1155.jpg 768w, https:\/\/gcmennecy.fr\/wp-content\/uploads\/2018\/07\/2MC_4997-681x1024.jpg 681w\" sizes=\"auto, (max-width: 200px) 100vw, 200px\" \/> <img loading=\"lazy\" decoding=\"async\" class=\"alignnone size-medium wp-image-2232\" src=\"http:\/\/gcmennecy.fr\/wp-content\/uploads\/2018\/07\/2MC_4998-200x300.jpg\" alt=\"\" width=\"200\" height=\"300\" srcset=\"https:\/\/gcmennecy.fr\/wp-content\/uploads\/2018\/07\/2MC_4998-200x300.jpg 200w, https:\/\/gcmennecy.fr\/wp-content\/uploads\/2018\/07\/2MC_4998-768x1155.jpg 768w, https:\/\/gcmennecy.fr\/wp-content\/uploads\/2018\/07\/2MC_4998-681x1024.jpg 681w\" sizes=\"auto, (max-width: 200px) 100vw, 200px\" \/> <img loading=\"lazy\" decoding=\"async\" class=\"alignnone size-medium wp-image-2233\" src=\"http:\/\/gcmennecy.fr\/wp-content\/uploads\/2018\/07\/2MC_5002-300x200.jpg\" alt=\"\" width=\"300\" height=\"200\" srcset=\"https:\/\/gcmennecy.fr\/wp-content\/uploads\/2018\/07\/2MC_5002-300x200.jpg 300w, https:\/\/gcmennecy.fr\/wp-content\/uploads\/2018\/07\/2MC_5002-768x511.jpg 768w, https:\/\/gcmennecy.fr\/wp-content\/uploads\/2018\/07\/2MC_5002-1024x682.jpg 1024w\" sizes=\"auto, (max-width: 300px) 100vw, 300px\" \/><\/span><\/strong><\/p>\n<p>&nbsp;<\/p>\n<p><strong><span style=\"font-size: 10.5pt; font-family: 'Arial','sans-serif'; color: #333333;\">La TeamGym\u00a0<\/span><\/strong><span style=\"font-size: 10.5pt; font-family: 'Arial','sans-serif'; color: #333333;\">se pratique en \u00e9quipe masculine, f\u00e9minine ou mixte de 6 \u00e0 12 gymnastes sur 3 agr\u00e8s : <strong>le sol, le tumbling et le mini-trampoline<\/strong>. <\/span><\/p>\n<p><span style=\"font-size: 10.5pt; font-family: 'Arial','sans-serif'; color: #333333;\">La combinaison de ces trois agr\u00e8s, qui sollicitent des qualit\u00e9s diff\u00e9rentes, font de la TeamGym une discipline tr\u00e8s compl\u00e8te.<\/span><\/p>\n<p><strong>D\u00e9couvrez la TeamGym en <\/strong><strong><span style=\"color: #0000ff;\"><a style=\"color: #0000ff;\" href=\"https:\/\/wp.me\/p8Uk5b-sO\">VIDEO<\/a><\/span> !<\/strong><\/p>\n<p><strong style=\"box-sizing: border-box;\"><span style=\"font-size: 10.5pt; font-family: 'Arial','sans-serif'; color: #333333;\">\u00a0<\/span><\/strong><strong style=\"box-sizing: border-box;\"><span style=\"font-size: 10.5pt; font-family: 'Arial','sans-serif'; color: #333333;\">LE SOL |\u00a0<\/span><\/strong><span style=\"font-size: 10.5pt; font-family: 'Arial','sans-serif'; color: #333333;\">Synchronisation et chor\u00e9graphie<\/span><\/p>\n<p><span style=\"font-size: 10.5pt; font-family: 'Arial','sans-serif'; color: #333333;\">Praticable non dynamique : 12 x 12 m \u00a0<\/span><\/p>\n<p><span style=\"font-size: 10.5pt; font-family: 'Arial','sans-serif'; color: #333333;\">Mouvement chor\u00e9graphique d&rsquo;ensemble<\/span><\/p>\n<p><img loading=\"lazy\" decoding=\"async\" class=\"alignnone wp-image-3595\" style=\"font-size: 1rem;\" src=\"http:\/\/gcmennecy.fr\/wp-content\/uploads\/2023\/02\/IMG_2018.jpg\" alt=\"\" width=\"425\" height=\"284\" srcset=\"https:\/\/gcmennecy.fr\/wp-content\/uploads\/2023\/02\/IMG_2018.jpg 6000w, https:\/\/gcmennecy.fr\/wp-content\/uploads\/2023\/02\/IMG_2018-300x200.jpg 300w, https:\/\/gcmennecy.fr\/wp-content\/uploads\/2023\/02\/IMG_2018-768x512.jpg 768w, https:\/\/gcmennecy.fr\/wp-content\/uploads\/2023\/02\/IMG_2018-1024x683.jpg 1024w\" sizes=\"auto, (max-width: 425px) 100vw, 425px\" \/><\/p>\n<p>&nbsp;<\/p>\n<p><strong style=\"box-sizing: border-box;\"><span style=\"font-size: 10.5pt; font-family: 'Arial','sans-serif'; color: #333333;\">\u00a0<\/span><\/strong><strong style=\"box-sizing: border-box;\"><span style=\"font-size: 10.5pt; font-family: 'Arial','sans-serif'; color: #333333;\">LE MINI-TRAMPOLINE ET SAUT |\u00a0<\/span><\/strong><span style=\"font-size: 10.5pt; font-family: 'Arial','sans-serif'; color: #333333;\">Acrobatie et dynamisme<\/span><\/p>\n<p><span style=\"font-size: 10.5pt; font-family: 'Arial','sans-serif'; color: #333333;\">Table de s<\/span><span style=\"font-size: 10.5pt; font-family: 'Arial','sans-serif'; color: #333333;\"><span style=\"font-size: 10.5pt;\">aut: 1,35 m<\/span><\/span><\/p>\n<p><span style=\"font-size: 10.5pt; font-family: 'Arial','sans-serif'; color: #333333;\">Course d&rsquo;\u00e9lan : entre 22 et 25m<\/span><\/p>\n<p><span style=\"font-size: 10.5pt; font-family: 'Arial','sans-serif'; color: #333333;\">3 passages de 6 gymnastes en cascade<\/span><\/p>\n<p><img loading=\"lazy\" decoding=\"async\" class=\"alignnone wp-image-3596\" src=\"http:\/\/gcmennecy.fr\/wp-content\/uploads\/2023\/02\/Fran\u00e7oisPINSON_20200126-171639-738A0943_30x30-2.jpg\" alt=\"\" width=\"427\" height=\"285\" srcset=\"https:\/\/gcmennecy.fr\/wp-content\/uploads\/2023\/02\/Fran\u00e7oisPINSON_20200126-171639-738A0943_30x30-2.jpg 1024w, https:\/\/gcmennecy.fr\/wp-content\/uploads\/2023\/02\/Fran\u00e7oisPINSON_20200126-171639-738A0943_30x30-2-300x200.jpg 300w, https:\/\/gcmennecy.fr\/wp-content\/uploads\/2023\/02\/Fran\u00e7oisPINSON_20200126-171639-738A0943_30x30-2-768x512.jpg 768w\" sizes=\"auto, (max-width: 427px) 100vw, 427px\" \/><\/p>\n<p><span style=\"font-size: 10.5pt; font-family: 'Arial','sans-serif'; color: #333333;\">\u00a0<\/span><span style=\"font-size: 10.5pt; font-family: Arial, sans-serif;\"><strong>LE TUMBLING<\/strong> | <\/span><span style=\"font-size: 10.5pt; font-family: Arial, sans-serif;\">Acrobatie et\u00a0<\/span><span style=\"font-size: 10.5pt; font-family: Arial, sans-serif;\">puissance\u00a0<\/span><\/p>\n<p><span style=\"font-size: 10.5pt; font-family: 'Arial','sans-serif'; color: #333333;\">Piste gonflable : 15 x 2 m\u00a0<\/span><\/p>\n<p><span style=\"font-size: 10.5pt; font-family: 'Arial','sans-serif'; color: #333333;\">Aire de r\u00e9ception : 6 x 2,40 m\u00a0<\/span><\/p>\n<p><span style=\"font-size: 10.5pt; font-family: 'Arial','sans-serif'; color: #333333;\">3 passages de 6 gymnastes en cascade<\/span><\/p>\n<p><img loading=\"lazy\" decoding=\"async\" class=\"alignnone wp-image-3598\" src=\"http:\/\/gcmennecy.fr\/wp-content\/uploads\/2023\/02\/FrancoisPINSON_20200301-170112-IMG_1458_45x45_WEB-2.jpg\" alt=\"\" width=\"447\" height=\"298\" srcset=\"https:\/\/gcmennecy.fr\/wp-content\/uploads\/2023\/02\/FrancoisPINSON_20200301-170112-IMG_1458_45x45_WEB-2.jpg 1024w, https:\/\/gcmennecy.fr\/wp-content\/uploads\/2023\/02\/FrancoisPINSON_20200301-170112-IMG_1458_45x45_WEB-2-300x200.jpg 300w, https:\/\/gcmennecy.fr\/wp-content\/uploads\/2023\/02\/FrancoisPINSON_20200301-170112-IMG_1458_45x45_WEB-2-768x512.jpg 768w\" sizes=\"auto, (max-width: 447px) 100vw, 447px\" \/><\/p>\n","protected":false},"excerpt":{"rendered":"<p>La discipline TEAMGYM est propos\u00e9e au GCM depuis la 2017. &nbsp; La TeamGym\u00a0se pratique en \u00e9quipe masculine, f\u00e9minine ou mixte de 6 \u00e0 12 gymnastes sur 3 agr\u00e8s : le &#8230;<\/p>\n","protected":false},"author":1,"featured_media":0,"parent":85,"menu_order":5,"comment_status":"closed","ping_status":"closed","template":"","meta":{"footnotes":""},"class_list":["post-1502","page","type-page","status-publish","hentry"],"jetpack_sharing_enabled":true,"jetpack_shortlink":"https:\/\/wp.me\/P8Uk5b-oe","_links":{"self":[{"href":"https:\/\/www.gcmennecy.fr\/index.php\/wp-json\/wp\/v2\/pages\/1502","targetHints":{"allow":["GET"]}}],"collection":[{"href":"https:\/\/www.gcmennecy.fr\/index.php\/wp-json\/wp\/v2\/pages"}],"about":[{"href":"https:\/\/www.gcmennecy.fr\/index.php\/wp-json\/wp\/v2\/types\/page"}],"author":[{"embeddable":true,"href":"https:\/\/www.gcmennecy.fr\/index.php\/wp-json\/wp\/v2\/users\/1"}],"replies":[{"embeddable":true,"href":"https:\/\/www.gcmennecy.fr\/index.php\/wp-json\/wp\/v2\/comments?post=1502"}],"version-history":[{"count":15,"href":"https:\/\/www.gcmennecy.fr\/index.php\/wp-json\/wp\/v2\/pages\/1502\/revisions"}],"predecessor-version":[{"id":3734,"href":"https:\/\/www.gcmennecy.fr\/index.php\/wp-json\/wp\/v2\/pages\/1502\/revisions\/3734"}],"up":[{"embeddable":true,"href":"https:\/\/www.gcmennecy.fr\/index.php\/wp-json\/wp\/v2\/pages\/85"}],"wp:attachment":[{"href":"https:\/\/www.gcmennecy.fr\/index.php\/wp-json\/wp\/v2\/media?parent=1502"}],"curies":[{"name":"wp","href":"https:\/\/api.w.org\/{rel}","templated":true}]}}